{"id":72525,"date":"2024-01-25T12:32:55","date_gmt":"2024-01-25T11:32:55","guid":{"rendered":"https:\/\/arcus.world\/agb-aeb\/"},"modified":"2024-07-11T14:37:10","modified_gmt":"2024-07-11T12:37:10","slug":"agb-aeb","status":"publish","type":"page","link":"https:\/\/arcus.world\/pl\/agb-aeb\/","title":{"rendered":"AGB &#038; AEB"},"content":{"rendered":"<p>[et_pb_section fb_built=&#8221;1&#8243; _builder_version=&#8221;4.22.2&#8243; _module_preset=&#8221;default&#8221; use_background_color_gradient=&#8221;on&#8221; background_color_gradient_stops=&#8221;rgba(0,0,0,0.56) 0%|rgba(0,0,0,0.71) 100%&#8221; background_color_gradient_overlays_image=&#8221;on&#8221; background_image=&#8221;https:\/\/arcus.world\/wp-content\/uploads\/2024\/01\/maschine_sub.jpg&#8221; background_enable_mask_style=&#8221;on&#8221; background_mask_style=&#8221;blades&#8221; background_mask_color=&#8221;rgba(247,247,247,0.09)&#8221; background_mask_transform=&#8221;flip_horizontal|invert&#8221; background_mask_size=&#8221;contain&#8221; background_mask_position=&#8221;center_right&#8221; custom_padding=&#8221;100px||100px||true|false&#8221; locked=&#8221;off&#8221; collapsed=&#8221;off&#8221; global_colors_info=&#8221;{}&#8221;][et_pb_row make_equal=&#8221;on&#8221; admin_label=&#8221;Zeile&#8221; module_class=&#8221;btn-inline&#8221; _builder_version=&#8221;4.22.2&#8243; _module_preset=&#8221;default&#8221; custom_css_main_element=&#8221;align-items:center;&#8221; global_colors_info=&#8221;{}&#8221;][et_pb_column type=&#8221;4_4&#8243; _builder_version=&#8221;4.22.2&#8243; _module_preset=&#8221;default&#8221; global_colors_info=&#8221;{}&#8221;][et_pb_text _builder_version=&#8221;4.26.0&#8243; _module_preset=&#8221;default&#8221; header_2_text_color=&#8221;#FFFFFF&#8221; header_2_font_size=&#8221;55px&#8221; custom_margin=&#8221;-20px||||false|false&#8221; hover_enabled=&#8221;0&#8243; custom_css_before=&#8221;    content: %22%22;||    display: inline-block;||    width: 100%;||    position: absolute;||    left: 3px;||z-index: -1;||background: linear-gradient(90deg,#ed7e00 0%,transparent 60%);||    bottom: 15px;||    height: 18px;||&#8221; global_colors_info=&#8221;{}&#8221; sticky_enabled=&#8221;0&#8243;]<\/p>\n<h2>Og\u00f3lne warunki handlowe<\/h2>\n<p>[\/et_pb_text][\/et_pb_column][\/et_pb_row][\/et_pb_section][et_pb_section fb_built=&#8221;1&#8243; _builder_version=&#8221;4.22.2&#8243; _module_preset=&#8221;default&#8221; locked=&#8221;off&#8221; global_colors_info=&#8221;{}&#8221;][et_pb_row _builder_version=&#8221;4.22.2&#8243; _module_preset=&#8221;default&#8221; global_colors_info=&#8221;{}&#8221;][et_pb_column type=&#8221;4_4&#8243; _builder_version=&#8221;4.22.2&#8243; _module_preset=&#8221;default&#8221; global_colors_info=&#8221;{}&#8221;][et_pb_text _builder_version=&#8221;4.26.0&#8243; _module_preset=&#8221;default&#8221; text_text_color=&#8221;#000000&#8243; header_text_color=&#8221;#ED7E00&#8243; header_2_font=&#8221;LexendDeca-Medium||||||||&#8221; header_2_text_color=&#8221;#000000&#8243; header_2_font_size=&#8221;25px&#8221; header_2_line_height=&#8221;1.3em&#8221; hover_enabled=&#8221;0&#8243; global_colors_info=&#8221;{}&#8221; sticky_enabled=&#8221;0&#8243;]<\/p>\n<h2><span style=\"color: #ed7e00;\">Og\u00f3lne warunki sprzeda\u017cy &#8211; ARCUS components GmbH<\/span><\/h2>\n<h2>1. Og\u00f3lnie<\/h2>\n<p>Nasze og\u00f3lne warunki sprzeda\u017cy s\u0105 cz\u0119\u015bci\u0105 sk\u0142adow\u0105 ka\u017cdej umowy zawieranej mi\u0119dzy nami i naszym klientem. Warunki handlowe kupuj\u0105cego s\u0105 tak\u017ce wtedy niewa\u017cne, je\u015bli temu w spos\u00f3b wyra\u017any nie zaprzeczymy.<\/p>\n<h2>2. Oferty, umowy<\/h2>\n<p>Nasze oferty s\u0105 zawsze bez zobowi\u0105zania. Umowy i ustne uzgodnienia wymagaj\u0105 naszego pisemnego potwierdzenia. Przy umowach na sukcesywn\u0105 dostaw\u0119 wezwanie i odbi\u00f3r maj\u0105 nast\u0105pi\u0107 w ci\u0105gu 12 miesi\u0119cy od potwierdzenia zam\u00f3wienia.<\/p>\n<h2>3. Ceny<\/h2>\n<p>Ceny katalogowe s\u0105 cenami brutto i obowi\u0105zuj\u0105 z zak\u0142adu bez opakowania, oraz koszt\u00f3w spedycji i ubezpieczenia. Dostawa nast\u0119puje z zak\u0142adu. Minimalna warto\u015b\u0107 zam\u00f3wienia wynosi 40.- Euro. Obliczenie nast\u0119puje w EURO na podstawie listy cen (cennika), rabat\u00f3w, warunk\u00f3w i dop\u0142at za specjalne wykonanie, obowi\u0105zuj\u0105cych w dniu dostawy. Przy wzro\u015bcie cen mi\u0119dzy potwierdzeniem zam\u00f3wienia i naliczeniem, kupuj\u0105cy ma prawo, przed up\u0142ywem dw\u00f3ch tygodni od daty rachunku, odst\u0105pi\u0107 od umowy kupna.<\/p>\n<p>Rabat z tytu\u0142u ilo\u015bci jest nast\u0119puj\u0105cy:<\/p>\n<p>\u00a0\u00a0\u00a0\u00a0\u00a0\u00a0\u00a0\u00a0\u00a0\u00a0\u00a0 1-99\u00a0 \u00a0 \u00a0 \u00a0 \u00a0 \u00a0 \u00a0 \u00a0 \u00a0 0%<\/p>\n<p>\u00a0\u00a0\u00a0\u00a0\u00a0\u00a0\u00a0\u00a0\u00a0\u00a0\u00a0 100-199\u00a0\u00a0\u00a0\u00a0\u00a0\u00a0\u00a0\u00a0\u00a0\u00a0\u00a0 20%<\/p>\n<p>\u00a0\u00a0\u00a0\u00a0\u00a0\u00a0\u00a0\u00a0\u00a0\u00a0\u00a0 200-499\u00a0\u00a0\u00a0\u00a0\u00a0\u00a0\u00a0\u00a0\u00a0\u00a0\u00a0 50%<\/p>\n<p>\u00a0\u00a0\u00a0\u00a0\u00a0\u00a0\u00a0\u00a0\u00a0\u00a0\u00a0 500-999\u00a0\u00a0\u00a0\u00a0\u00a0\u00a0\u00a0\u00a0\u00a0\u00a0\u00a0 55%<\/p>\n<p>\u00a0\u00a0\u00a0\u00a0\u00a0\u00a0\u00a0\u00a0\u00a0\u00a0\u00a0 od 1000\u00a0 \u00a0 \u00a0 \u00a0 \u00a0 \u00a0 60%<\/p>\n<p>Podstaw\u0105 obliczenia jest zawsze ilo\u015b\u0107 odbierana ka\u017cdego artyku\u0142u.<\/p>\n<h2>4. Warunki p\u0142atno\u015bci (o ile nie zosta\u0142o inaczej uzgodnione)<\/h2>\n<p>Netto przy p\u0142atno\u015bci w ci\u0105gu 30 dni od daty rachunku.<\/p>\n<h2>5. Terminy dostawy i zakres<\/h2>\n<p>Uzgodnione terminy dostawy obowi\u0105zuj\u0105 z zastrze\u017ceniem prawid\u0142owego i terminowego w\u0142asnego zaopatrzenia. Przy op\u00f3\u017anieniach w dostawach lub ograniczeniach w wyniku dzia\u0142ania si\u0142 wy\u017cszych, zak\u0142\u00f3ce\u0144 w pracy, rozruch\u00f3w, strajku, lokautu i innych zdarze\u0144, kt\u00f3re od nas nie zale\u017c\u0105, termin dostawy odpowiednio si\u0119 wyd\u0142u\u017ca. Roszczenia z tytu\u0142u ponoszonych strat przez kupuj\u0105cego z powodu op\u00f3\u017anienia dostawy \u2013 z wyj\u0105tkiem przypadk\u00f3w umy\u015blnych lub szczeg\u00f3lnego niedbalstwa \u2013 s\u0105 wykluczone. Prawo kupuj\u0105cego do odst\u0105pienia, po bezowocnym up\u0142yni\u0119ciu postawionego nam terminu, pozostaje nienaruszone. Jeste\u015bmy uprawnieni do dostawy o 10% wi\u0119kszej, lub mniejszej ilo\u015bci w stosunku do zam\u00f3wionej liczby sztuk.<\/p>\n<h2>6. Ponoszenie ryzyka i gwarancja<\/h2>\n<p>Wysy\u0142ka i dostawa nast\u0119puje na ryzyko kupuj\u0105cego. Stwierdzone wady nale\u017cy zg\u0142asza\u0107 na pi\u015bmie w ci\u0105gu 5 dni roboczych od dostarczenia, wady ukryte w ci\u0105gu 5 dni od ich wykrycia. W przypadku terminowego i uzasadnionego reklamowania, zapewniamy, wed\u0142ug naszego wyboru, albo dostaw\u0119 zast\u0119pcz\u0105, albo uznanie warto\u015bci. Je\u015bli oka\u017ce si\u0119, \u017ce dostawa zast\u0119pcza jest tak\u017ce wadliwa, to kupuj\u0105cy mo\u017ce od umowy odst\u0105pi\u0107. Inne roszczenia s\u0105 wykluczone, z wyj\u0105tkiem przypadku umy\u015blnego lub powa\u017cnego zaniedbania.<\/p>\n<h2>7. Zachowanie w\u0142asno\u015bci<\/h2>\n<p>W\u0142asno\u015b\u0107 do dostarczonych towar\u00f3w zachowujemy a\u017c do ca\u0142kowitego zap\u0142acenia przez klienta naszego ca\u0142ego wymagania.<\/p>\n<h2>8. Miejsce wykonania i w\u0142a\u015bciwo\u015b\u0107 s\u0105dowa<\/h2>\n<p>Miejscem realizacji i w\u0142a\u015bciwym s\u0105dem jest dla obu stron Esslingen (Neckar). Mo\u017cemy tak\u017ce sk\u0142ada\u0107 pow\u00f3dztwo w siedzibie kupuj\u0105cego.<\/p>\n<h2>9. Stosowane prawo<\/h2>\n<p>Obowi\u0105zuje wy\u0142\u0105cznie prawo Niemieckiej Republiki Federalnej.<\/p>\n<p>&nbsp;<\/p>\n<h2><span style=\"color: #ed7e00;\">Og\u00f3lne warunki sprzeda\u017cy &#8211; Meinert Sp. z o.o.<\/span><\/h2>\n<h2>1. Og\u00f3lnie<\/h2>\n<p>Nasze og\u00f3lne warunki sprzeda\u017cy s\u0105 cz\u0119\u015bci\u0105 sk\u0142adow\u0105 ka\u017cdej umowy zawieranej mi\u0119dzy nami i naszym klientem. Warunki handlowe kupuj\u0105cego s\u0105 tak\u017ce wtedy niewa\u017cne, je\u015bli temu w spos\u00f3b wyra\u017any nie zaprzeczymy.<\/p>\n<h2>2. Oferty, umowy<\/h2>\n<p>Nasze oferty s\u0105 zawsze bez zobowi\u0105zania. Umowy i ustne uzgodnienia wymagaj\u0105 naszego pisemnego potwierdzenia. Przy umowach na sukcesywn\u0105 dostaw\u0119 wezwanie i odbi\u00f3r maj\u0105 nast\u0105pi\u0107 w ci\u0105gu 12 miesi\u0119cy od potwierdzenia zam\u00f3wienia.<\/p>\n<h2>3. Ceny<\/h2>\n<p>Ceny katalogowe s\u0105 cenami brutto i obowi\u0105zuj\u0105 z zak\u0142adu bez opakowania, oraz koszt\u00f3w spedycji i ubezpieczenia. Dostawa nast\u0119puje z zak\u0142adu. Minimalna warto\u015b\u0107 zam\u00f3wienia wynosi 40.- Euro. Obliczenie nast\u0119puje w EURO na podstawie listy cen (cennika), rabat\u00f3w, warunk\u00f3w i dop\u0142at za specjalne wykonanie, obowi\u0105zuj\u0105cych w dniu dostawy. Przy wzro\u015bcie cen mi\u0119dzy potwierdzeniem zam\u00f3wienia i naliczeniem, kupuj\u0105cy ma prawo, przed up\u0142ywem dw\u00f3ch tygodni od daty rachunku, odst\u0105pi\u0107 od umowy kupna.<\/p>\n<p>Rabat z tytu\u0142u ilo\u015bci jest nast\u0119puj\u0105cy:<\/p>\n<p>\u00a0\u00a0\u00a0\u00a0\u00a0\u00a0\u00a0\u00a0\u00a0\u00a0\u00a0 1-99\u00a0 \u00a0 \u00a0 \u00a0 \u00a0 \u00a0 \u00a0 \u00a0 \u00a0 0%<\/p>\n<p>\u00a0\u00a0\u00a0\u00a0\u00a0\u00a0\u00a0\u00a0\u00a0\u00a0\u00a0 100-199\u00a0\u00a0\u00a0\u00a0\u00a0\u00a0\u00a0\u00a0\u00a0\u00a0\u00a0 20%<\/p>\n<p>\u00a0\u00a0\u00a0\u00a0\u00a0\u00a0\u00a0\u00a0\u00a0\u00a0\u00a0 200-499\u00a0\u00a0\u00a0\u00a0\u00a0\u00a0\u00a0\u00a0\u00a0\u00a0\u00a0 50%<\/p>\n<p>\u00a0\u00a0\u00a0\u00a0\u00a0\u00a0\u00a0\u00a0\u00a0\u00a0\u00a0 500-999\u00a0\u00a0\u00a0\u00a0\u00a0\u00a0\u00a0\u00a0\u00a0\u00a0\u00a0 55%<\/p>\n<p>\u00a0\u00a0\u00a0\u00a0\u00a0\u00a0\u00a0\u00a0\u00a0\u00a0\u00a0 od 1000\u00a0 \u00a0 \u00a0 \u00a0 \u00a0 \u00a0 60%<\/p>\n<p>Podstaw\u0105 obliczenia jest zawsze ilo\u015b\u0107 odbierana ka\u017cdego artyku\u0142u.<\/p>\n<h2>4. Warunki p\u0142atno\u015bci (o ile nie zosta\u0142o inaczej uzgodnione)<\/h2>\n<p>Netto przy p\u0142atno\u015bci w ci\u0105gu 30 dni od daty rachunku.<\/p>\n<h2>5. Terminy dostawy i zakres<\/h2>\n<p>Uzgodnione terminy dostawy obowi\u0105zuj\u0105 z zastrze\u017ceniem prawid\u0142owego i terminowego w\u0142asnego zaopatrzenia. Przy op\u00f3\u017anieniach w dostawach lub ograniczeniach w wyniku dzia\u0142ania si\u0142 wy\u017cszych, zak\u0142\u00f3ce\u0144 w pracy, rozruch\u00f3w, strajku, lokautu i innych zdarze\u0144, kt\u00f3re od nas nie zale\u017c\u0105, termin dostawy odpowiednio si\u0119 wyd\u0142u\u017ca. Roszczenia z tytu\u0142u ponoszonych strat przez kupuj\u0105cego z powodu op\u00f3\u017anienia dostawy \u2013 z wyj\u0105tkiem przypadk\u00f3w umy\u015blnych lub szczeg\u00f3lnego niedbalstwa \u2013 s\u0105 wykluczone. Prawo kupuj\u0105cego do odst\u0105pienia, po bezowocnym up\u0142yni\u0119ciu postawionego nam terminu, pozostaje nienaruszone. Jeste\u015bmy uprawnieni do dostawy o 10% wi\u0119kszej, lub mniejszej ilo\u015bci w stosunku do zam\u00f3wionej liczby sztuk.<\/p>\n<h2>6. Ponoszenie ryzyka i gwarancja<\/h2>\n<p>Wysy\u0142ka i dostawa nast\u0119puje na ryzyko kupuj\u0105cego. Stwierdzone wady nale\u017cy zg\u0142asza\u0107 na pi\u015bmie w ci\u0105gu 5 dni roboczych od dostarczenia, wady ukryte w ci\u0105gu 5 dni od ich wykrycia. W przypadku terminowego i uzasadnionego reklamowania, zapewniamy, wed\u0142ug naszego wyboru, albo dostaw\u0119 zast\u0119pcz\u0105, albo uznanie warto\u015bci. Je\u015bli oka\u017ce si\u0119, \u017ce dostawa zast\u0119pcza jest tak\u017ce wadliwa, to kupuj\u0105cy mo\u017ce od umowy odst\u0105pi\u0107. Inne roszczenia s\u0105 wykluczone, z wyj\u0105tkiem przypadku umy\u015blnego lub powa\u017cnego zaniedbania.<\/p>\n<h2>7. Zachowanie w\u0142asno\u015bci<\/h2>\n<p>W\u0142asno\u015b\u0107 do dostarczonych towar\u00f3w zachowujemy a\u017c do ca\u0142kowitego zap\u0142acenia przez klienta naszego ca\u0142ego wymagania.<\/p>\n<h2>8. Miejsce wykonania i w\u0142a\u015bciwo\u015b\u0107 s\u0105dowa<\/h2>\n<p>Miejscem realizacji i w\u0142a\u015bciwym s\u0105dem jest dla obu stron Jelenia G\u00f3ra (Polska). Mo\u017cemy tak\u017ce sk\u0142ada\u0107 pow\u00f3dztwo w siedzibie kupuj\u0105cego.<\/p>\n<p>&nbsp;<\/p>\n<p>&nbsp;<\/p>\n<p>[\/et_pb_text][\/et_pb_column][\/et_pb_row][\/et_pb_section]<\/p>\n","protected":false},"excerpt":{"rendered":"<p>Og\u00f3lne warunki handloweOg\u00f3lne warunki sprzeda\u017cy &#8211; ARCUS components GmbH 1. Og\u00f3lnie Nasze og\u00f3lne warunki sprzeda\u017cy s\u0105 cz\u0119\u015bci\u0105 sk\u0142adow\u0105 ka\u017cdej umowy zawieranej mi\u0119dzy nami i naszym klientem. Warunki handlowe kupuj\u0105cego s\u0105 tak\u017ce wtedy niewa\u017cne, je\u015bli temu w spos\u00f3b wyra\u017any nie zaprzeczymy. 2. Oferty, umowy Nasze oferty s\u0105 zawsze bez zobowi\u0105zania. Umowy i ustne uzgodnienia wymagaj\u0105 naszego [&hellip;]<\/p>\n","protected":false},"author":4,"featured_media":0,"parent":0,"menu_order":0,"comment_status":"closed","ping_status":"closed","template":"","meta":{"_et_pb_use_builder":"on","_et_pb_old_content":"","_et_gb_content_width":"","footnotes":""},"class_list":["post-72525","page","type-page","status-publish","hentry"],"_links":{"self":[{"href":"https:\/\/arcus.world\/pl\/wp-json\/wp\/v2\/pages\/72525","targetHints":{"allow":["GET"]}}],"collection":[{"href":"https:\/\/arcus.world\/pl\/wp-json\/wp\/v2\/pages"}],"about":[{"href":"https:\/\/arcus.world\/pl\/wp-json\/wp\/v2\/types\/page"}],"author":[{"embeddable":true,"href":"https:\/\/arcus.world\/pl\/wp-json\/wp\/v2\/users\/4"}],"replies":[{"embeddable":true,"href":"https:\/\/arcus.world\/pl\/wp-json\/wp\/v2\/comments?post=72525"}],"version-history":[{"count":5,"href":"https:\/\/arcus.world\/pl\/wp-json\/wp\/v2\/pages\/72525\/revisions"}],"predecessor-version":[{"id":73331,"href":"https:\/\/arcus.world\/pl\/wp-json\/wp\/v2\/pages\/72525\/revisions\/73331"}],"wp:attachment":[{"href":"https:\/\/arcus.world\/pl\/wp-json\/wp\/v2\/media?parent=72525"}],"curies":[{"name":"wp","href":"https:\/\/api.w.org\/{rel}","templated":true}]}}