{"id":72545,"date":"2024-01-19T11:14:42","date_gmt":"2024-01-19T10:14:42","guid":{"rendered":"https:\/\/arcus.world\/datenschutz\/"},"modified":"2024-05-31T08:52:14","modified_gmt":"2024-05-31T06:52:14","slug":"datenschutz","status":"publish","type":"page","link":"https:\/\/arcus.world\/pl\/datenschutz\/","title":{"rendered":"Ochrona danych"},"content":{"rendered":"<p>[et_pb_section fb_built=&#8221;1&#8243; _builder_version=&#8221;4.22.2&#8243; _module_preset=&#8221;default&#8221; use_background_color_gradient=&#8221;on&#8221; background_color_gradient_stops=&#8221;rgba(0,0,0,0.56) 0%|rgba(0,0,0,0.71) 100%&#8221; background_color_gradient_overlays_image=&#8221;on&#8221; background_image=&#8221;https:\/\/arcus.world\/wp-content\/uploads\/2024\/01\/maschine_sub.jpg&#8221; background_enable_mask_style=&#8221;on&#8221; background_mask_style=&#8221;blades&#8221; background_mask_color=&#8221;rgba(247,247,247,0.09)&#8221; background_mask_transform=&#8221;flip_horizontal|invert&#8221; background_mask_size=&#8221;contain&#8221; background_mask_position=&#8221;center_right&#8221; custom_padding=&#8221;100px||100px||true|false&#8221; locked=&#8221;off&#8221; global_colors_info=&#8221;{}&#8221;][et_pb_row make_equal=&#8221;on&#8221; module_class=&#8221;btn-inline&#8221; _builder_version=&#8221;4.22.2&#8243; _module_preset=&#8221;default&#8221; custom_css_main_element=&#8221;align-items:center;&#8221; global_colors_info=&#8221;{}&#8221;][et_pb_column type=&#8221;4_4&#8243; _builder_version=&#8221;4.22.2&#8243; _module_preset=&#8221;default&#8221; global_colors_info=&#8221;{}&#8221;][et_pb_text _builder_version=&#8221;4.24.0&#8243; _module_preset=&#8221;default&#8221; header_2_text_color=&#8221;#FFFFFF&#8221; header_2_font_size=&#8221;55px&#8221; custom_margin=&#8221;-20px||||false|false&#8221; custom_css_before=&#8221;    content: %22%22;||    display: inline-block;||    width: 100%;||    position: absolute;||    left: 3px;||z-index: -1;||background: linear-gradient(90deg,#ed7e00 0%,transparent 60%);||    bottom: 15px;||    height: 18px;||&#8221; global_colors_info=&#8221;{}&#8221;]<\/p>\n<h2>Ochrona danych<\/h2>\n<p>[\/et_pb_text][\/et_pb_column][\/et_pb_row][\/et_pb_section][et_pb_section fb_built=&#8221;1&#8243; _builder_version=&#8221;4.22.2&#8243; _module_preset=&#8221;default&#8221; locked=&#8221;off&#8221; global_colors_info=&#8221;{}&#8221;][et_pb_row _builder_version=&#8221;4.22.2&#8243; _module_preset=&#8221;default&#8221; global_colors_info=&#8221;{}&#8221;][et_pb_column type=&#8221;4_4&#8243; _builder_version=&#8221;4.22.2&#8243; _module_preset=&#8221;default&#8221; global_colors_info=&#8221;{}&#8221;][et_pb_text _builder_version=&#8221;4.25.1&#8243; _module_preset=&#8221;default&#8221; text_text_color=&#8221;#000000&#8243; text_line_height=&#8221;1.6em&#8221; header_2_font=&#8221;LexendDeca-Medium|||on|||||&#8221; header_2_text_color=&#8221;#000000&#8243; header_2_font_size=&#8221;25px&#8221; header_2_line_height=&#8221;1.3em&#8221; header_3_font=&#8221;|||on|||||&#8221; header_3_text_color=&#8221;#000000&#8243; header_3_font_size=&#8221;18px&#8221; header_3_line_height=&#8221;1.3em&#8221; header_4_text_color=&#8221;#000000&#8243; header_4_line_height=&#8221;1.3em&#8221; hover_enabled=&#8221;0&#8243; global_colors_info=&#8221;{}&#8221; sticky_enabled=&#8221;0&#8243;]<\/p>\n<h2>1. OCHRONA DANYCH W SKR\u00d3CIE<\/h2>\n<h3>OG\u00d3LNE INFORMACJE<\/h3>\n<p>Poni\u017csze informacje stanowi\u0105 zwi\u0119z\u0142y przegl\u0105d tego, co dzieje si\u0119 z Pa\u0144stwa danymi osobowymi podczas odwiedzania tej strony internetowej. Dane osobowe to wszystkie informacje, za pomoc\u0105 kt\u00f3rych mo\u017cna zidentyfikowa\u0107 osob\u0119. Szczeg\u00f3\u0142owe informacje na temat ochrony danych znajdziesz w naszym o\u015bwiadczeniu o ochronie danych wymienionym poni\u017cej tekstu.<\/p>\n<h3>ZBI\u00d3R DANYCH NA TEJ STRONIE INTERNETOWEJ<\/h3>\n<p>Kto jest odpowiedzialny za zbieranie danych na tej stronie internetowej?<br \/>Przetwarzanie danych na tej stronie internetowej odbywa si\u0119 przez operatora strony. Dane kontaktowe operatora mo\u017cna znale\u017a\u0107 w sekcji \u201eInformacje o administratorze danych\u201c w tym o\u015bwiadczeniu o ochronie danych.<\/p>\n<h4>Jakie dane zbieramy?<\/h4>\n<p>Pa\u0144stwa dane s\u0105 zbierane na kilka sposob\u00f3w. Po pierwsze, dane te s\u0105 przekazywane nam przez Pa\u0144stwa. Mog\u0105 to by\u0107 na przyk\u0142ad dane wprowadzone w formularzu kontaktowym.<\/p>\n<p>Inne dane s\u0105 zbierane automatycznie lub za Pa\u0144stwa zgod\u0105 podczas odwiedzania strony za pomoc\u0105 naszych system\u00f3w informatycznych. S\u0105 to g\u0142\u00f3wnie dane techniczne (np. przegl\u0105darka internetowa, system operacyjny lub czas odwiedzin strony). Dane te s\u0105 zbierane automatycznie po wej\u015bciu na t\u0119 stron\u0119 internetow\u0105.<\/p>\n<h4>W jakim celu wykorzystujemy Pa\u0144stwa dane?<\/h4>\n<p>Cz\u0119\u015b\u0107 danych jest zbierana w celu zapewnienia prawid\u0142owego funkcjonowania strony internetowej. Inne dane mog\u0105 by\u0107 wykorzystywane do analizy zachowa\u0144 u\u017cytkownik\u00f3w.<\/p>\n<h4>Jakie prawa przys\u0142uguj\u0105 Pa\u0144stwu w zakresie danych?<\/h4>\n<p>Posiadaj\u0105 Pa\u0144stwo prawo do bezp\u0142atnego uzyskania informacji o pochodzeniu, odbiorcach i celu przechowywania swoich danych osobowych w dowolnym momencie. Maj\u0105 Pa\u0144stwo r\u00f3wnie\u017c prawo do poprawienia lub usuni\u0119cia tych danych. Je\u015bli wyrazili Pa\u0144stwo zgod\u0119 na przetwarzanie danych, maj\u0105 Pa\u0144stwo r\u00f3wnie\u017c prawo do jej cofni\u0119cia w dowolnym momencie w przysz\u0142o\u015bci. Ponadto maj\u0105 Pa\u0144stwo prawo w pewnych okoliczno\u015bciach do \u017c\u0105dania ograniczenia przetwarzania swoich danych osobowych. Ponadto przys\u0142uguje Pa\u0144stwu prawo do skargi do w\u0142a\u015bciwego organu nadzorczego.<\/p>\n<p>W zwi\u0105zku z tym, jak r\u00f3wnie\u017c w przypadku dalszych pyta\u0144 dotycz\u0105cych ochrony danych, mog\u0105 si\u0119 Pa\u0144stwo zawsze skontaktowa\u0107 z nami.<\/p>\n<h3>ANALIZA ZA POMOC\u0104 NARZ\u0118DZI ANALITYCZNYCH I NARZ\u0118DZI DOSTAWC\u00d3W ZEWN\u0118TRZNYCH<\/h3>\n<p>Podczas odwiedzania tej witryny internetowej, Pa\u0144stwa zachowanie w sieci mo\u017ce by\u0107 poddane analizie statystycznej. Przewa\u017cnie dokonuje si\u0119 to za pomoc\u0105 tzw. program\u00f3w analitycznych.<\/p>\n<p>Szczeg\u00f3\u0142owe informacje na temat tych program\u00f3w analitycznych mo\u017cna znale\u017a\u0107 w poni\u017cszym o\u015bwiadczeniu o ochronie danych.<\/p>\n<h2>2. HOSTOWANIE<\/h2>\n<p>Nasza witryna jest hostowana przez nast\u0119puj\u0105cego dostawc\u0119:<\/p>\n<h3>Strato<\/h3>\n<p>Dostawc\u0105 jest firma Strato AG, Otto-Ostrowski-Stra\u00dfe 7, 10249 Berlin (dalej zwana \u201eStrato\u201d). Podczas odwiedzania naszej witryny, Strato gromadzi r\u00f3\u017cne pliki dziennika, w tym adresy IP.<\/p>\n<p>Dodatkowe informacje mo\u017cna znale\u017a\u0107 w o\u015bwiadczeniu o ochronie danych firmy Strato: https:\/\/www.strato.de\/datenschutz\/.<\/p>\n<p>Wykorzystanie firmy Strato opiera si\u0119 na art. 6 ust. 1 lit. f RODO. Posiadamy uzasadniony interes w zapewnieniu jak najbardziej niezawodnego wy\u015bwietlania naszej witryny. Je\u015bli wymagane jest odpowiednie uprzednie zg\u0142oszenie, przetwarzanie odbywa si\u0119 wy\u0142\u0105cznie na podstawie art. 6 ust. 1 lit. a RODO i \u00a7 25 ust. 1 TTDSG, o ile zgoda obejmuje przechowywanie plik\u00f3w cookie lub dost\u0119p do informacji w urz\u0105dzeniu ko\u0144cowym u\u017cytkownika (np. identyfikacja urz\u0105dzenia) zgodnie z TTDSG. Zgoda mo\u017ce by\u0107 w ka\u017cdej chwili wycofana.<\/p>\n<h2>3. OG\u00d3LNE INFORMACJE I INFORMACJE O OBOWI\u0104ZKU INFORMACYJNYM<\/h2>\n<h3>OCHRONA DANYCH<\/h3>\n<p>Operatorzy tych stron bardzo powa\u017cnie traktuj\u0105 ochron\u0119 Pa\u0144stwa danych osobowych. Dane osobowe s\u0105 traktowane poufnie i zgodnie z przepisami prawa dotycz\u0105cymi ochrony danych osobowych oraz niniejszym o\u015bwiadczeniem o ochronie danych.<\/p>\n<p>Podczas korzystania z tej strony internetowej zbierane s\u0105 r\u00f3\u017cne dane osobowe. Dane osobowe to informacje, za pomoc\u0105 kt\u00f3rych mo\u017cna zidentyfikowa\u0107 osob\u0119. Niniejsze o\u015bwiadczenie o ochronie danych wyja\u015bnia, jakie dane zbieramy i w jaki spos\u00f3b je wykorzystujemy. Wyja\u015bnia tak\u017ce, w jaki spos\u00f3b i w jakim celu si\u0119 to odbywa.<br \/>.<br \/>Zwracamy uwag\u0119, \u017ce przesy\u0142anie danych przez Internet (np. podczas komunikacji za pomoc\u0105 poczty elektronicznej) mo\u017ce wi\u0105za\u0107 si\u0119 z ryzykiem naruszenia bezpiecze\u0144stwa. Pe\u0142na ochrona danych przed dost\u0119pem os\u00f3b trzecich nie jest mo\u017cliwa.<\/p>\n<h3>NOTATKA DOTYCZ\u0104CA ODPOWIEDZIALNEGO PODMIOTU<\/h3>\n<p>Odpowiedzialnym podmiotem za przetwarzanie danych na tej stronie internetowej jest:<\/p>\n<p>DOSTAWCA<br \/>ARCUS components GmbH<br \/>Karlsbader Stra\u00dfe 8<br \/>D-73760 Ostfildern<\/p>\n<p>Telefon: +49 (0)711 34 89 01-0<br \/>E-Mail: info(at)arcus.world<\/p>\n<p>Odpowiedzialnym podmiotem jest osoba fizyczna lub prawna, kt\u00f3ra samodzielnie lub wsp\u00f3lnie z innymi decyduje o celach i \u015brodkach przetwarzania danych osobowych (np. imiona, adresy e-mail itp.).<\/p>\n<h3>OKRES PRZECHOWYWANIA<\/h3>\n<p>Je\u015bli w niniejszym o\u015bwiadczeniu o ochronie danych nie zosta\u0142 podany bardziej szczeg\u00f3\u0142owy okres przechowywania, Pa\u0144stwa dane osobowe pozostan\u0105 u nas do momentu ustania celu przetwarzania danych. Je\u015bli zg\u0142osz\u0105 Pa\u0144stwo uzasadnione \u017c\u0105danie usuni\u0119cia danych lub wycofaj\u0105 Pa\u0144stwo zgod\u0119 na przetwarzanie danych, Pa\u0144stwa dane zostan\u0105 usuni\u0119te, chyba \u017ce istniej\u0105 inne prawne podstawy przechowywania Pa\u0144stwa danych osobowych (np. przepisy podatkowe lub handlowe dotycz\u0105ce okres\u00f3w przechowywania); w takim przypadku usuni\u0119cie nast\u0105pi po ustaniu tych podstaw.<\/p>\n<h3>OG\u00d3LNE WSKAZ\u00d3WKI DOTYCZ\u0104CE PODSTAW PRAWNYCH PRZETWARZANIA DANYCH NA TEJ STRONIE INTERNETOWEJ<\/h3>\n<p>Je\u015bli wyrazili Pa\u0144stwo zgod\u0119 na przetwarzanie danych, przetwarzamy Pa\u0144stwa dane osobowe na podstawie art. 6 ust. 1 lit. a RODO lub art. 9 ust. 2 lit. a RODO, je\u015bli przetwarzane s\u0105 szczeg\u00f3lne kategorie danych zgodnie z art. 9 ust. 1 RODO. W przypadku wyra\u017anej zgody na przekazywanie danych osobowych do pa\u0144stw trzecich, przetwarzanie danych odbywa si\u0119 r\u00f3wnie\u017c na podstawie art. 49 ust. 1 lit. a RODO. Je\u015bli wyrazili Pa\u0144stwo zgod\u0119 na przechowywanie plik\u00f3w cookie lub dost\u0119p do informacji w Pa\u0144stwa urz\u0105dzeniu ko\u0144cowym (np. za pomoc\u0105 identyfikacji urz\u0105dzenia), przetwarzanie danych odbywa si\u0119 dodatkowo na podstawie \u00a7 25 ust. 1 TTDSG.<\/p>\n<h3>ODBIORCY DANYCH OSOBOWYCH<\/h3>\n<p>W ramach naszej dzia\u0142alno\u015bci wsp\u00f3\u0142pracujemy z r\u00f3\u017cnymi zewn\u0119trznymi podmiotami. Czasami konieczne jest przekazywanie danych osobowych do tych zewn\u0119trznych podmiot\u00f3w. Przekazujemy dane osobowe do zewn\u0119trznych podmiot\u00f3w tylko wtedy, gdy jest to konieczne w ramach wykonania umowy, gdy jeste\u015bmy do tego zobowi\u0105zani prawem (np. przekazanie danych organom podatkowym), gdy mamy uzasadniony interes zgodnie z art. 6 ust. 1 lit. f RODO w przekazaniu tych danych lub gdy inna podstawa prawna zezwala na przekazanie danych. W przypadku korzystania z us\u0142ug podmiot\u00f3w przetwarzaj\u0105cych dane dzia\u0142amy wy\u0142\u0105cznie na podstawie wa\u017cnej umowy o przetwarzaniu danych. W przypadku wsp\u00f3lnego przetwarzania danych zawieramy umow\u0119 o wsp\u00f3lnym przetwarzaniu.<\/p>\n<h3>ODWO\u0141ANIE ZGODY NA PRZETWARZANIE DANYCH<\/h3>\n<p>Wiele proces\u00f3w przetwarzania danych jest mo\u017cliwych wy\u0142\u0105cznie za Pa\u0144stwa wyra\u017an\u0105 zgod\u0105. Mo\u017cna odwo\u0142a\u0107 udzielon\u0105 wcze\u015bniej zgod\u0119 w dowolnym momencie. Legalno\u015b\u0107 przetwarzania danych przed odwo\u0142aniem zgody nie jest dotkni\u0119ta odwo\u0142aniem zgody.<\/p>\n<h3>PRAWO DO WST\u0118PNEGO ZBIERANIA DANYCH W SZCZEG\u00d3LNYCH PRZYPADKACH ORAZ DO REKLAMY BEZPO\u015aREDNIEJ (ART. 21 RODO)<\/h3>\n<p>W ZAKRESIE PRZETWARZANIA DANYCH NA PODSTAWIE ART. 6 ABS. 1 LIT. E LUB F RODO, PRZYS\u0141UGUJE PA\u0143STWU PRAWO DO WNIESIENIA SPRZECIWU W DOWOLNYM MOMENCIE ZE WZGL\u0118DU NA SZCZEG\u00d3LNE SYTUACJE DOTYCZ\u0104CE PRZETWARZANIA DANYCH OSOBOWYCH; OBEJMUJE TO TAK\u017bE PROFILOWANIE ODNOSZ\u0104CE SI\u0118 DO TYCH POSTANOWIE\u0143. PODSTAW\u0118 PRAWN\u0104 KA\u017bDEGO PRZETWARZANIA MO\u017bNA ZNALE\u0179\u0106 W NINIEJSZYM O\u015aWIADCZENIU O OCHRONIE DANYCH OSOBOWYCH. W PRZYPADKU WNIESIENIA SPRZECIWU, NIE B\u0118DZIEMY JU\u017b PRZETWARZA\u0106 PA\u0143STWA DANYCH OSOBOWYCH, CHYBA \u017bE UDOWODNIMY ISTNIENIE WA\u017bNYCH PRZEWAG ZWI\u0104ZANYCH Z PRZETWARZANIEM, KT\u00d3RE S\u0104 NADRZ\u0118DNE WOBEC INTERES\u00d3W, PRAW I WOLNO\u015aCI PA\u0143STWA, LUB PRZETWARZANIE S\u0141U\u017bY WYKAZYWANIU, WYKONANIU LUB OBRONIE PRZED ROSZCZENIAMI PRAWNYMI (SPRZECIW ZGODNIE Z ART. 21 ABS. 1 RODO).<\/p>\n<h3>PRAWO DO SK\u0141ADANIA SKARGI DO KOMPETENTNEGO ORGANU NADZORCZEGO<\/h3>\n<p>W przypadku narusze\u0144 RODO, osoby, kt\u00f3rych dane dotycz\u0105, maj\u0105 prawo do z\u0142o\u017cenia skargi do organu nadzorczego, w szczeg\u00f3lno\u015bci w pa\u0144stwie cz\u0142onkowskim, w kt\u00f3rym maj\u0105 swoje zwyk\u0142e miejsce pobytu, miejsce pracy lub miejsce rzekomego naruszenia. Prawo do sk\u0142adania skargi nie narusza innych \u015brodk\u00f3w odwo\u0142awczych administracyjnych lub s\u0105dowych.<\/p>\n<h3>PRAWO DO PRZENOSZENIA DANYCH<\/h3>\n<p>Posiadaj\u0105 Pa\u0144stwo prawo do otrzymania od nas danych, kt\u00f3re przetwarzamy automatycznie na podstawie Pa\u0144stwa zgody lub w ramach wykonania umowy, w powszechnie u\u017cywanym formacie czytelnym maszynowo, zar\u00f3wno dla Pa\u0144stwa, jak i dla innego podmiotu. Je\u015bli \u017c\u0105daj\u0105 Pa\u0144stwo bezpo\u015bredniego przekazania danych innemu administratorowi, zrobimy to jedynie wtedy, gdy jest to technicznie mo\u017cliwe.<\/p>\n<h3>INFORMACJE, POPRAWKI I USUWANIE<\/h3>\n<p>Zgodnie z obowi\u0105zuj\u0105cymi przepisami prawa, maj\u0105 Pa\u0144stwo zawsze prawo do bezp\u0142atnego uzyskania informacji o przechowywanych danych osobowych, ich \u017ar\u00f3dle i odbiorcach, celu przetwarzania danych oraz ewentualnie prawo do poprawienia lub usuni\u0119cia tych danych. W tej sprawie, jak r\u00f3wnie\u017c w przypadku innych pyta\u0144 dotycz\u0105cych danych osobowych, mog\u0105 Pa\u0144stwo skontaktowa\u0107 si\u0119 z nami w dowolnym momencie.<\/p>\n<h3>PRAWO DO OGRANICZENIA PRZETWARZANIA<\/h3>\n<p>Maj\u0105 Pa\u0144stwo prawo \u017c\u0105da\u0107 ograniczenia przetwarzania Pa\u0144stwa danych osobowych. W tym celu mog\u0105 Pa\u0144stwo skontaktowa\u0107 si\u0119 z nami w dowolnym momencie. Prawo do ograniczenia przetwarzania wyst\u0119puje w nast\u0119puj\u0105cych przypadkach:<\/p>\n<ul>\n<li>1) Je\u017celi kwestionuj\u0105 Pa\u0144stwo poprawno\u015b\u0107 swoich danych osobowych przechowywanych u nas, zazwyczaj potrzebujemy czasu, aby to zweryfikowa\u0107. W trakcie tej weryfikacji maj\u0105 Pa\u0144stwo prawo \u017c\u0105da\u0107 ograniczenia przetwarzania swoich danych osobowych.<\/li>\n<li>2) Je\u015bli przetwarzanie Pa\u0144stwa danych osobowych odby\u0142o si\u0119\/odbywa si\u0119 bezprawnie, mog\u0105 Pa\u0144stwo \u017c\u0105da\u0107 ograniczenia przetwarzania danych zamiast ich usuni\u0119cia.<\/li>\n<li>3) Je\u017celi nie potrzebujemy ju\u017c Pa\u0144stwa danych osobowych, lecz s\u0105 one niezb\u0119dne do wykonywania, obrony lub dochodzenia roszcze\u0144 prawnych, maj\u0105 Pa\u0144stwo prawo \u017c\u0105da\u0107 ograniczenia przetwarzania swoich danych osobowych zamiast ich usuni\u0119cia.<\/li>\n<li>4) Je\u015bli z\u0142o\u017cyli Pa\u0144stwo sprzeciw zgodnie z art. 21 ust. 1 RODO, konieczna jest r\u00f3wnowaga mi\u0119dzy Pa\u0144stwa a naszymi interesami. Do momentu ustalenia, kt\u00f3re interesy przewa\u017caj\u0105, maj\u0105 Pa\u0144stwo prawo \u017c\u0105da\u0107 ograniczenia przetwarzania swoich danych osobowych.<\/li>\n<\/ul>\n<p>W przypadku ograniczenia przetwarzania Pa\u0144stwa danych osobowych, dane te &#8211; z zastrze\u017ceniem ich przechowywania &#8211; mog\u0105 by\u0107 przetwarzane wy\u0142\u0105cznie za Pa\u0144stwa zgod\u0105 lub w celu dochodzenia, wykonywania lub obrony roszcze\u0144 prawnych lub w celu ochrony praw innej osoby fizycznej lub prawnej lub z przyczyn istotnego interesu publicznego Unii Europejskiej lub pa\u0144stwa cz\u0142onkowskiego.<\/p>\n<h3>SZYFROWANIE SSL LUB TLS<\/h3>\n<p>Ta strona korzysta z szyfrowania SSL lub TLS ze wzgl\u0119d\u00f3w bezpiecze\u0144stwa i ochrony przesy\u0142anych tre\u015bci poufnych, takich jak zam\u00f3wienia lub zapytania, kt\u00f3re przesy\u0142aj\u0105 Pa\u0144stwo do nas jako operatora strony. Mo\u017cna rozpozna\u0107 zaszyfrowane po\u0142\u0105czenie po zmianie paska adresu przegl\u0105darki z \u201ehttp:\/\/\u201d na \u201ehttps:\/\/\u201d oraz po symbolu zamka w pasku przegl\u0105darki.<\/p>\n<p>Gdy szyfrowanie SSL lub TLS jest aktywowane, dane przesy\u0142ane do nas nie mog\u0105 by\u0107 odczytane przez osoby trzecie<\/p>\n<h3>WYRA\u017bENIE SPRZECIWU PRZECIWKO WIADOMO\u015aCIOM REKLAMOWYM E-MAIL<\/h3>\n<p>Zgodnie z obowi\u0105zkiem umieszczenia danych kontaktowych w impressum, kategorycznie sprzeciwiamy si\u0119 wykorzystaniu udost\u0119pnionych danych kontaktowych do przesy\u0142ania niezam\u00f3wionej reklamy i materia\u0142\u00f3w informacyjnych. Operatorzy strony zastrzegaj\u0105 sobie mo\u017cliwo\u015b\u0107 podj\u0119cia krok\u00f3w prawnych w przypadku niezam\u00f3wionego przesy\u0142ania informacji reklamowych, na przyk\u0142ad za po\u015brednictwem wiadomo\u015bci spamowych<\/p>\n<h2>4. ZBIERANIE DANYCH NA TEJ STRONIE<br \/>COOKIES<\/h2>\n<h3>Cookies<\/h3>\n<p>Nasze strony internetowe korzystaj\u0105 z tzw. \u201eciasteczek\u201d (ang. cookies). S\u0105 to niewielkie pliki danych, kt\u00f3re nie powoduj\u0105 szkody na Pa\u0144stwa urz\u0105dzeniu ko\u0144cowym. Mog\u0105 by\u0107 one przechowywane tymczasowo przez czas trwania sesji (tzw. sesyjne ciasteczka) lub d\u0142ugoterminowo (sta\u0142e ciasteczka) na Pa\u0144stwa urz\u0105dzeniu ko\u0144cowym. Ciasteczka sesyjne s\u0105 automatycznie usuwane po zako\u0144czeniu Pa\u0144stwa wizyty. Sta\u0142e ciasteczka pozostaj\u0105 przechowywane na Pa\u0144stwa urz\u0105dzeniu ko\u0144cowym do momentu ich r\u0119cznego usuni\u0119cia przez Pa\u0144stwa lub automatycznego usuni\u0119cia przez przegl\u0105dark\u0119 internetow\u0105.<\/p>\n<p>Ciasteczka mog\u0105 pochodzi\u0107 od nas (tzw. ciasteczka pierwszostronne) lub od firm zewn\u0119trznych (tzw. ciasteczka trzeciostronne). Ciasteczka trzeciostronne umo\u017cliwiaj\u0105 integracj\u0119 okre\u015blonych us\u0142ug firm zewn\u0119trznych na stronach internetowych (np. ciasteczka do obs\u0142ugi us\u0142ug p\u0142atniczych).<\/p>\n<p>Ciasteczka pe\u0142ni\u0105 r\u00f3\u017cne funkcje. Wiele z nich jest technicznie niezb\u0119dnych, poniewa\u017c niekt\u00f3re funkcje strony internetowej nie dzia\u0142a\u0142yby poprawnie bez nich (np. funkcja koszyka zakupowego lub odtwarzanie film\u00f3w). Inne ciasteczka mog\u0105 by\u0107 wykorzystywane do analizowania zachowa\u0144 u\u017cytkownik\u00f3w lub w celach reklamowych.<\/p>\n<p>Ciasteczka niezb\u0119dne do przeprowadzenia procesu komunikacji elektronicznej, zapewnienia okre\u015blonych funkcji, kt\u00f3rych Pa\u0144stwo \u017c\u0105daj\u0105 (np. funkcja koszyka zakupowego) lub optymalizacji strony internetowej (np. ciasteczka s\u0142u\u017c\u0105ce do pomiaru publiczno\u015bci strony internetowej), s\u0105 przechowywane na podstawie art. 6 ust. 1 lit. f RODO, je\u015bli nie podano innej podstawy prawnej. Operator strony internetowej ma uzasadniony interes w przechowywaniu niezb\u0119dnych ciasteczek do zapewnienia technicznie poprawnej i zoptymalizowanej dostawy swoich us\u0142ug. Je\u015bli zosta\u0142a zg\u0142oszona zgoda na przechowywanie ciasteczek i podobnych technologii rozpoznawczych, przetwarzanie odbywa si\u0119 wy\u0142\u0105cznie na podstawie tej zgody (art. 6 ust. 1 lit. a RODO i \u00a7 25 ust. 1 UODO); zgoda mo\u017ce by\u0107 wycofana w dowolnym momencie.<\/p>\n<p>Mo\u017cna skonfigurowa\u0107 przegl\u0105dark\u0119 w taki spos\u00f3b, aby informowa\u0142a o ustawianiu ciasteczek, zezwala\u0142a na ustawienie ciasteczek tylko w pojedynczych przypadkach, odrzuca\u0142a akceptacj\u0119 ciasteczek dla okre\u015blonych przypadk\u00f3w lub og\u00f3lnie oraz aktywowa\u0142a automatyczne usuwanie ciasteczek po zamkni\u0119ciu przegl\u0105darki. Wy\u0142\u0105czenie ciasteczek mo\u017ce jednak ograniczy\u0107 funkcjonalno\u015b\u0107 tej strony internetowej.<\/p>\n<p>Informacje na temat u\u017cywanych ciasteczek i us\u0142ug na tej stronie internetowej mo\u017cna znale\u017a\u0107 w polityce prywatno\u015bci.<\/p>\n<h3>PLIKI DZIENNIKA SERWERA (SERVER-LOG-FILES)<\/h3>\n<p>Dostawca stron internetowych automatycznie zbiera i przechowuje informacje w tzw. plikach dziennika serwera, kt\u00f3re przegl\u0105darka automatycznie przesy\u0142a do nas. Obejmuj\u0105 one:<\/p>\n<p>Rodzaj i wersj\u0119 przegl\u0105darki<br \/>Wykorzystany system operacyjny<br \/>URL \u017ar\u00f3d\u0142owy<br \/>Nazw\u0119 hosta komputera, kt\u00f3ry uzyskuje dost\u0119p<br \/>Czas \u017c\u0105dania serwera<br \/>Adres IP<\/p>\n<p>Te dane nie s\u0105 \u0142\u0105czone z innymi \u017ar\u00f3d\u0142ami danych.<\/p>\n<p>Zbieranie tych danych odbywa si\u0119 na podstawie art. 6 ust. 1 lit. f RODO. Operator strony internetowej ma uzasadniony interes w technicznie poprawnym wy\u015bwietlaniu i optymalizacji swojej strony internetowej &#8211; w tym celu musz\u0105 by\u0107 zbierane pliki dziennika serwera.<\/p>\n<h3>FORMULARZ KONTAKTOWY<\/h3>\n<p>Je\u015bli przesy\u0142aj\u0105 Pa\u0144stwo do nas zapytania za po\u015brednictwem formularza kontaktowego, Pa\u0144stwa dane z formularza zapytania wraz z podanymi tam danymi kontaktowymi zostan\u0105 przez nas przechowywane w celu obs\u0142ugi zapytania oraz w przypadku ewentualnych dodatkowych pyta\u0144. Dane te nie s\u0105 udost\u0119pniane osobom trzecim bez Pa\u0144stwa zgody.<\/p>\n<p>Die von Ihnen im Kontaktformular eingegebenen Daten verbleiben bei uns, bis Sie uns zur L\u00f6schung auffordern, Ihre Einwilligung zur Speicherung widerrufen oder der Zweck f\u00fcr die Datenspeicherung entf\u00e4llt (z.\u00a0B. nach abgeschlossener Bearbeitung Ihrer Anfrage). Zwingende gesetzliche Bestimmungen \u2013 insbesondere Aufbewahrungsfristen \u2013 bleiben unber\u00fchrt.<\/p>\n<h3>Wniosek za po\u015brednictwem poczty elektronicznej, telefonu lub faksu<\/h3>\n<p>Wniosek za po\u015brednictwem poczty elektronicznej, telefonu lub faksu<br \/>Je\u015bli skontaktuj\u0105 si\u0119 Pa\u0144stwo z nami za po\u015brednictwem poczty elektronicznej, telefonu lub faksu, Pa\u0144stwa wniosek wraz ze wszystkimi zwi\u0105zanych z nim danymi osobowymi (imi\u0119, wniosek) zostanie przez nas przechowany i przetworzony w celu rozpatrzenia Pa\u0144stwa sprawy. Dane te nie s\u0105 udost\u0119pniane osobom trzecim bez Pa\u0144stwa zgody.<\/p>\n<h2>5. WTYCZKI I NARZ\u0118DZIA<br \/>CZCIONKI GOOGLE (HOSTING LOKALNY)<\/h2>\n<p>Ta witryna korzysta z tak zwanych czcionek Google Fonts, kt\u00f3re s\u0105 dostarczane przez Google w celu znormalizowanego wy\u015bwietlania czcionek. Czcionki Google s\u0105 instalowane lokalnie. Nie ma po\u0142\u0105czenia z serwerami Google.<\/p>\n<p>Wi\u0119cej informacji na temat czcionek Google Fonts mo\u017cna znale\u017a\u0107 na stronie https:\/\/developers.google.com\/fonts\/faq oraz w polityce prywatno\u015bci Google: https:\/\/policies.google.com\/privacy?hl=de.<\/p>\n<p>[\/et_pb_text][\/et_pb_column][\/et_pb_row][\/et_pb_section]<\/p>\n","protected":false},"excerpt":{"rendered":"<p>Ochrona danych1. OCHRONA DANYCH W SKR\u00d3CIE OG\u00d3LNE INFORMACJE Poni\u017csze informacje stanowi\u0105 zwi\u0119z\u0142y przegl\u0105d tego, co dzieje si\u0119 z Pa\u0144stwa danymi osobowymi podczas odwiedzania tej strony internetowej. Dane osobowe to wszystkie informacje, za pomoc\u0105 kt\u00f3rych mo\u017cna zidentyfikowa\u0107 osob\u0119. Szczeg\u00f3\u0142owe informacje na temat ochrony danych znajdziesz w naszym o\u015bwiadczeniu o ochronie danych wymienionym poni\u017cej tekstu. ZBI\u00d3R DANYCH [&hellip;]<\/p>\n","protected":false},"author":4,"featured_media":0,"parent":0,"menu_order":0,"comment_status":"closed","ping_status":"closed","template":"","meta":{"_et_pb_use_builder":"on","_et_pb_old_content":"","_et_gb_content_width":"","footnotes":""},"class_list":["post-72545","page","type-page","status-publish","hentry"],"_links":{"self":[{"href":"https:\/\/arcus.world\/pl\/wp-json\/wp\/v2\/pages\/72545","targetHints":{"allow":["GET"]}}],"collection":[{"href":"https:\/\/arcus.world\/pl\/wp-json\/wp\/v2\/pages"}],"about":[{"href":"https:\/\/arcus.world\/pl\/wp-json\/wp\/v2\/types\/page"}],"author":[{"embeddable":true,"href":"https:\/\/arcus.world\/pl\/wp-json\/wp\/v2\/users\/4"}],"replies":[{"embeddable":true,"href":"https:\/\/arcus.world\/pl\/wp-json\/wp\/v2\/comments?post=72545"}],"version-history":[{"count":5,"href":"https:\/\/arcus.world\/pl\/wp-json\/wp\/v2\/pages\/72545\/revisions"}],"predecessor-version":[{"id":73246,"href":"https:\/\/arcus.world\/pl\/wp-json\/wp\/v2\/pages\/72545\/revisions\/73246"}],"wp:attachment":[{"href":"https:\/\/arcus.world\/pl\/wp-json\/wp\/v2\/media?parent=72545"}],"curies":[{"name":"wp","href":"https:\/\/api.w.org\/{rel}","templated":true}]}}