{"id":72557,"date":"2023-11-16T13:25:05","date_gmt":"2023-11-16T12:25:05","guid":{"rendered":"https:\/\/arcus.world\/karriere\/"},"modified":"2024-04-15T09:30:47","modified_gmt":"2024-04-15T07:30:47","slug":"karriere","status":"publish","type":"page","link":"https:\/\/arcus.world\/pl\/karriere\/","title":{"rendered":"Kariera"},"content":{"rendered":"<p>[et_pb_section fb_built=&#8221;1&#8243; custom_padding_last_edited=&#8221;on|phone&#8221; _builder_version=&#8221;4.22.2&#8243; _module_preset=&#8221;default&#8221; use_background_color_gradient=&#8221;on&#8221; background_color_gradient_stops=&#8221;rgba(0,0,0,0.56) 0%|rgba(0,0,0,0.71) 100%&#8221; background_color_gradient_overlays_image=&#8221;on&#8221; background_image=&#8221;https:\/\/arcus.world\/wp-content\/uploads\/2024\/01\/standorte_sub.jpg&#8221; background_enable_mask_style=&#8221;on&#8221; background_mask_style=&#8221;blades&#8221; background_mask_color=&#8221;rgba(247,247,247,0.09)&#8221; background_mask_transform=&#8221;flip_horizontal|invert&#8221; background_mask_size=&#8221;contain&#8221; background_mask_position=&#8221;center_right&#8221; custom_padding=&#8221;100px||100px||true|false&#8221; custom_padding_tablet=&#8221;100px||100px||true|false&#8221; custom_padding_phone=&#8221;60px||60px||true|false&#8221; locked=&#8221;off&#8221; global_colors_info=&#8221;{}&#8221;][et_pb_row make_equal=&#8221;on&#8221; module_class=&#8221;btn-inline&#8221; _builder_version=&#8221;4.22.2&#8243; _module_preset=&#8221;default&#8221; custom_css_main_element=&#8221;align-items:center;&#8221; global_colors_info=&#8221;{}&#8221;][et_pb_column type=&#8221;4_4&#8243; _builder_version=&#8221;4.22.2&#8243; _module_preset=&#8221;default&#8221; global_colors_info=&#8221;{}&#8221;][et_pb_text _builder_version=&#8221;4.24.0&#8243; _module_preset=&#8221;default&#8221; header_text_color=&#8221;#FFFFFF&#8221; header_font_size=&#8221;55px&#8221; header_2_text_color=&#8221;#FFFFFF&#8221; header_2_font_size=&#8221;55px&#8221; custom_margin=&#8221;-20px||||false|false&#8221; hover_enabled=&#8221;0&#8243; header_font_size_tablet=&#8221;55px&#8221; header_font_size_phone=&#8221;32px&#8221; header_font_size_last_edited=&#8221;on|phone&#8221; custom_css_before=&#8221;    content: %22%22;||    display: inline-block;||    width: 100%;||    position: absolute;||    left: 3px;||z-index: -1;||background: linear-gradient(90deg,#ed7e00 0%,transparent 60%);||    bottom: 15px;||    height: 18px;||&#8221; global_colors_info=&#8221;{}&#8221; sticky_enabled=&#8221;0&#8243;]<\/p>\n<h1>Kariera<\/h1>\n<p>[\/et_pb_text][\/et_pb_column][\/et_pb_row][\/et_pb_section][et_pb_section fb_built=&#8221;1&#8243; custom_padding_last_edited=&#8221;on|phone&#8221; _builder_version=&#8221;4.22.2&#8243; _module_preset=&#8221;default&#8221; background_enable_color=&#8221;off&#8221; use_background_color_gradient=&#8221;on&#8221; background_color_gradient_stops=&#8221;#f4f7f9 0%|rgba(255,255,255,0.48) 50%|#f7f7f7 100%&#8221; background_color_gradient_overlays_image=&#8221;on&#8221; background_image=&#8221;https:\/\/arcus.world\/wp-content\/uploads\/2023\/10\/pattern.png&#8221; custom_padding=&#8221;100px||100px||true|false&#8221; custom_padding_tablet=&#8221;60px||60px||true|false&#8221; custom_padding_phone=&#8221;60px||60px||true|false&#8221; locked=&#8221;off&#8221; global_colors_info=&#8221;{}&#8221;][et_pb_row _builder_version=&#8221;4.22.2&#8243; _module_preset=&#8221;default&#8221; global_colors_info=&#8221;{}&#8221;][et_pb_column type=&#8221;4_4&#8243; _builder_version=&#8221;4.22.2&#8243; _module_preset=&#8221;default&#8221; global_colors_info=&#8221;{}&#8221;][et_pb_text _builder_version=&#8221;4.24.0&#8243; _module_preset=&#8221;default&#8221; header_2_text_color=&#8221;#000000&#8243; header_2_font_size=&#8221;45px&#8221; custom_margin=&#8221;-20px||||false|false&#8221; hover_enabled=&#8221;0&#8243; header_2_font_size_tablet=&#8221;45px&#8221; header_2_font_size_phone=&#8221;32px&#8221; header_2_font_size_last_edited=&#8221;on|phone&#8221; header_2_line_height_tablet=&#8221;&#8221; header_2_line_height_phone=&#8221;1.1em&#8221; header_2_line_height_last_edited=&#8221;on|phone&#8221; global_colors_info=&#8221;{}&#8221; sticky_enabled=&#8221;0&#8243;]<\/p>\n<h2>Kariera w ARCUS: Razem kszta\u0142tujemy przysz\u0142o\u015b\u0107<\/h2>\n<p>[\/et_pb_text][et_pb_text _builder_version=&#8221;4.24.0&#8243; _module_preset=&#8221;default&#8221; text_text_color=&#8221;#000000&#8243; custom_margin=&#8221;-20px||||false|false&#8221; hover_enabled=&#8221;0&#8243; global_colors_info=&#8221;{}&#8221; sticky_enabled=&#8221;0&#8243;]Nasz\u0105 dewiz\u0105 jest program: ARCUS, wywodz\u0105cy si\u0119 z \u0142aci\u0144skiego s\u0142owa oznaczaj\u0105cego &#8222;\u0142uk&#8221;, symbolizuje po\u0142\u0105czenie i integracj\u0119 r\u00f3\u017cnych komponent\u00f3w w harmonijn\u0105 ca\u0142o\u015b\u0107. Podobnie jak nerwy w ludzkim ciele, \u0142\u0105cz\u0105ce ze sob\u0105 organy, dla nas niezb\u0119dne s\u0105 kable. Od ponad 70 lat produkujemy wysokiej jako\u015bci produkty, powstaj\u0105ce dzi\u0119ki najnowocze\u015bniejszym maszynom i technologiom. Odkryj interesuj\u0105ce mo\u017cliwo\u015bci do\u0142\u0105czenia do naszego dynamicznego zespo\u0142u i aktywnego wsp\u00f3\u0142tworzenia historii sukcesu ARCUS components GmbH. Tutaj znajdziesz informacje o mo\u017cliwo\u015bciach kariery, programach rozwojowych oraz \u015brodowisku pracy, kt\u00f3re wspieraj\u0105 innowacj\u0119, wsp\u00f3\u0142prac\u0119 i indywidualny rozw\u00f3j.[\/et_pb_text][\/et_pb_column][\/et_pb_row][et_pb_row use_custom_gutter=&#8221;on&#8221; gutter_width=&#8221;1&#8243; _builder_version=&#8221;4.22.2&#8243; _module_preset=&#8221;default&#8221; global_colors_info=&#8221;{}&#8221;][et_pb_column type=&#8221;4_4&#8243; _builder_version=&#8221;4.22.2&#8243; _module_preset=&#8221;default&#8221; global_colors_info=&#8221;{}&#8221;][et_pb_gallery gallery_ids=&#8221;71382,71384,71391,71396&#8243; show_title_and_caption=&#8221;off&#8221; show_pagination=&#8221;off&#8221; zoom_icon_color=&#8221;#FFFFFF&#8221; hover_overlay_color=&#8221;rgba(0,0,0,0.43)&#8221; hover_icon=&#8221;&#xe00f;||divi||400&#8243; _builder_version=&#8221;4.22.2&#8243; _module_preset=&#8221;default&#8221; border_width_right=&#8221;5px&#8221; border_color_right=&#8221;#FFFFFF&#8221; border_width_bottom_tablet=&#8221;&#8221; border_width_bottom_phone=&#8221;5px&#8221; border_width_bottom_last_edited=&#8221;on|phone&#8221; border_color_bottom_tablet=&#8221;&#8221; border_color_bottom_phone=&#8221;#FFFFFF&#8221; border_color_bottom_last_edited=&#8221;on|phone&#8221; global_colors_info=&#8221;{}&#8221;][\/et_pb_gallery][\/et_pb_column][\/et_pb_row][et_pb_row _builder_version=&#8221;4.22.2&#8243; _module_preset=&#8221;default&#8221; global_colors_info=&#8221;{}&#8221;][et_pb_column type=&#8221;4_4&#8243; _builder_version=&#8221;4.22.2&#8243; _module_preset=&#8221;default&#8221; global_colors_info=&#8221;{}&#8221;][et_pb_text _builder_version=&#8221;4.24.0&#8243; _module_preset=&#8221;default&#8221; header_2_text_color=&#8221;#000000&#8243; header_2_font_size=&#8221;45px&#8221; custom_margin=&#8221;-20px||||false|false&#8221; hover_enabled=&#8221;0&#8243; header_2_font_size_tablet=&#8221;45px&#8221; header_2_font_size_phone=&#8221;25px&#8221; header_2_font_size_last_edited=&#8221;on|phone&#8221; header_2_line_height_tablet=&#8221;1.3em&#8221; header_2_line_height_phone=&#8221;1.1em&#8221; header_2_line_height_last_edited=&#8221;on|tablet&#8221; global_colors_info=&#8221;{}&#8221; sticky_enabled=&#8221;0&#8243;]<\/p>\n<h2>Aktualnie nie posiadamy otwartych stanowisk pracy do obsadzenia. Zach\u0119camy jednak do z\u0142o\u017cenia aplikacji inicjatywnej.<\/h2>\n<p>[\/et_pb_text][\/et_pb_column][\/et_pb_row][\/et_pb_section][et_pb_section fb_built=&#8221;1&#8243; custom_padding_last_edited=&#8221;on|phone&#8221; _builder_version=&#8221;4.22.2&#8243; _module_preset=&#8221;default&#8221; background_color=&#8221;#FFFFFF&#8221; custom_padding=&#8221;100px||100px||true|false&#8221; custom_padding_tablet=&#8221;100px||100px||true|false&#8221; custom_padding_phone=&#8221;60px||60px||true|false&#8221; locked=&#8221;off&#8221; global_colors_info=&#8221;{}&#8221;][et_pb_row _builder_version=&#8221;4.22.2&#8243; _module_preset=&#8221;default&#8221; locked=&#8221;off&#8221; global_colors_info=&#8221;{}&#8221;][et_pb_column type=&#8221;4_4&#8243; _builder_version=&#8221;4.22.2&#8243; _module_preset=&#8221;default&#8221; global_colors_info=&#8221;{}&#8221;][et_pb_text _builder_version=&#8221;4.24.0&#8243; _module_preset=&#8221;default&#8221; header_2_text_color=&#8221;#000000&#8243; header_2_font_size=&#8221;45px&#8221; header_2_line_height=&#8221;1.3em&#8221; custom_margin=&#8221;-20px||||false|false&#8221; hover_enabled=&#8221;0&#8243; header_2_font_size_tablet=&#8221;45px&#8221; header_2_font_size_phone=&#8221;32px&#8221; header_2_font_size_last_edited=&#8221;on|phone&#8221; header_2_line_height_tablet=&#8221;1.3em&#8221; header_2_line_height_phone=&#8221;1.1em&#8221; header_2_line_height_last_edited=&#8221;on|phone&#8221; global_colors_info=&#8221;{}&#8221; sticky_enabled=&#8221;0&#8243;]<\/p>\n<h2>Co mo\u017cemy Pa\u0144stwu zaoferowa\u0107<\/h2>\n<p>[\/et_pb_text][et_pb_text _builder_version=&#8221;4.24.0&#8243; _module_preset=&#8221;default&#8221; text_font=&#8221;Roboto-Bold||||||||&#8221; text_text_color=&#8221;#000000&#8243; custom_margin=&#8221;-20px||||false|false&#8221; hover_enabled=&#8221;0&#8243; global_colors_info=&#8221;{}&#8221; sticky_enabled=&#8221;0&#8243;]ARCUS stawia na jako\u015b\u0107 poprzez do\u015bwiadczenie i ekspertyz\u0119. Nasi wysoko wykwalifikowani pracownicy oraz certyfikowane metody produkcji gwarantuj\u0105 najwy\u017cszy poziom niezawodno\u015bci i innowacji. Nasze wi\u0105zki kablowe, zespo\u0142y i lampki sygnalizacyjne znajduj\u0105 zastosowanie w r\u00f3\u017cnorodnych dziedzinach, w tym w urz\u0105dzeniach gospodarstwa domowego, nap\u0119dach elektrycznych, termostatach, szafach sterowniczych oraz w budowie maszyn.[\/et_pb_text][et_pb_text _builder_version=&#8221;4.24.0&#8243; _module_preset=&#8221;default&#8221; text_text_color=&#8221;#000000&#8243; text_line_height=&#8221;1.6em&#8221; custom_margin=&#8221;-20px||||false|false&#8221; hover_enabled=&#8221;0&#8243; locked=&#8221;off&#8221; global_colors_info=&#8221;{}&#8221; sticky_enabled=&#8221;0&#8243;]Je\u015bli chcesz by\u0107 cz\u0119\u015bci\u0105 dynamicznego zespo\u0142u i wykorzysta\u0107 swoje umiej\u0119tno\u015bci w innowacyjnym \u015brodowisku, to ARCUS jest dla Ciebie idealnym miejscem. Odkryj nasze aktualne oferty pracy i do\u0142\u0105cz do naszego zespo\u0142u sukcesu[\/et_pb_text][\/et_pb_column][\/et_pb_row][et_pb_row column_structure=&#8221;1_3,1_3,1_3&#8243; make_equal=&#8221;on&#8221; _builder_version=&#8221;4.22.2&#8243; _module_preset=&#8221;default&#8221; global_colors_info=&#8221;{}&#8221;][et_pb_column type=&#8221;1_3&#8243; _builder_version=&#8221;4.22.2&#8243; _module_preset=&#8221;default&#8221; background_color=&#8221;#ED7E00&#8243; transform_translate_linked__hover=&#8221;off&#8221; custom_padding=&#8221;86px||86px||true|false&#8221; global_colors_info=&#8221;{}&#8221; transform_styles__hover_enabled=&#8221;on|hover&#8221; transform_scale__hover_enabled=&#8221;on|hover&#8221; transform_translate__hover_enabled=&#8221;on|desktop&#8221; transform_rotate__hover_enabled=&#8221;on|desktop&#8221; transform_skew__hover_enabled=&#8221;on|desktop&#8221; transform_origin__hover_enabled=&#8221;on|desktop&#8221; transform_translate__hover=&#8221;0px|-10px&#8221; background__hover_enabled=&#8221;on|hover&#8221;][et_pb_blurb title=&#8221;Ciekawe i zr\u00f3\u017cnicowane zadania&#8221; use_icon=&#8221;on&#8221; font_icon=&#8221;&#x57;||divi||400&#8243; icon_color=&#8221;#ED7E00&#8243; image_icon_background_color=&#8221;#FFFFFF&#8221; image_icon_width=&#8221;30px&#8221; _builder_version=&#8221;4.24.0&#8243; _module_preset=&#8221;default&#8221; header_font=&#8221;LexendDeca-Medium||||||||&#8221; header_text_color=&#8221;#FFFFFF&#8221; header_font_size=&#8221;20px&#8221; header_line_height=&#8221;1.3em&#8221; image_icon_custom_padding=&#8221;25px|25px|25px|25px|true|true&#8221; text_orientation=&#8221;center&#8221; custom_padding=&#8221;|5%||5%|false|true&#8221; hover_enabled=&#8221;0&#8243; header_font_size_tablet=&#8221;20px&#8221; header_font_size_phone=&#8221;18px&#8221; header_font_size_last_edited=&#8221;on|phone&#8221; border_radii_image=&#8221;on|100px|100px|100px|100px&#8221; global_colors_info=&#8221;{}&#8221; sticky_enabled=&#8221;0&#8243;][\/et_pb_blurb][\/et_pb_column][et_pb_column type=&#8221;1_3&#8243; _builder_version=&#8221;4.22.2&#8243; _module_preset=&#8221;default&#8221; background_color=&#8221;#005093&#8243; custom_padding=&#8221;86px||86px||true|false&#8221; global_colors_info=&#8221;{}&#8221; transform_styles__hover_enabled=&#8221;on|hover&#8221; background__hover_enabled=&#8221;on|hover&#8221; transform_scale__hover_enabled=&#8221;on|hover&#8221; transform_translate__hover=&#8221;0px|-10px&#8221; transform_translate__hover_enabled=&#8221;on|desktop&#8221; transform_rotate__hover_enabled=&#8221;on|desktop&#8221; transform_skew__hover_enabled=&#8221;on|desktop&#8221; transform_origin__hover_enabled=&#8221;on|desktop&#8221;][et_pb_blurb title=&#8221;Indywidualne i wysokiej jako\u015bci szkolenia&#8221; use_icon=&#8221;on&#8221; font_icon=&#8221;&#xe0f7;||divi||400&#8243; icon_color=&#8221;#005093&#8243; image_icon_background_color=&#8221;#FFFFFF&#8221; image_icon_width=&#8221;30px&#8221; _builder_version=&#8221;4.24.0&#8243; _module_preset=&#8221;default&#8221; header_font=&#8221;LexendDeca-Medium||||||||&#8221; header_text_color=&#8221;#FFFFFF&#8221; header_font_size=&#8221;20px&#8221; header_line_height=&#8221;1.3em&#8221; image_icon_custom_padding=&#8221;25px|25px|25px|25px|true|true&#8221; text_orientation=&#8221;center&#8221; custom_padding=&#8221;|5%||5%|false|true&#8221; hover_enabled=&#8221;0&#8243; header_font_size_tablet=&#8221;20px&#8221; header_font_size_phone=&#8221;18px&#8221; header_font_size_last_edited=&#8221;on|phone&#8221; border_radii_image=&#8221;on|100px|100px|100px|100px&#8221; global_colors_info=&#8221;{}&#8221; sticky_enabled=&#8221;0&#8243;][\/et_pb_blurb][\/et_pb_column][et_pb_column type=&#8221;1_3&#8243; _builder_version=&#8221;4.22.2&#8243; _module_preset=&#8221;default&#8221; background_color=&#8221;#ED7E00&#8243; custom_padding=&#8221;86px||86px||true|false&#8221; global_colors_info=&#8221;{}&#8221; transform_styles__hover_enabled=&#8221;on|hover&#8221; background__hover_enabled=&#8221;on|hover&#8221; transform_scale__hover_enabled=&#8221;on|hover&#8221; transform_translate__hover=&#8221;0px|-10px&#8221; transform_translate__hover_enabled=&#8221;on|desktop&#8221; transform_rotate__hover_enabled=&#8221;on|desktop&#8221; transform_skew__hover_enabled=&#8221;on|desktop&#8221; transform_origin__hover_enabled=&#8221;on|desktop&#8221;][et_pb_blurb title=&#8221;Stabilne miejsce pracy i dobra atmosfera w miejscu pracy&#8221; use_icon=&#8221;on&#8221; font_icon=&#8221;&#xe033;||divi||400&#8243; icon_color=&#8221;#ED7E00&#8243; image_icon_background_color=&#8221;#FFFFFF&#8221; image_icon_width=&#8221;30px&#8221; _builder_version=&#8221;4.24.0&#8243; _module_preset=&#8221;default&#8221; header_font=&#8221;LexendDeca-Medium||||||||&#8221; header_text_color=&#8221;#FFFFFF&#8221; header_font_size=&#8221;20px&#8221; header_line_height=&#8221;1.3em&#8221; image_icon_custom_padding=&#8221;25px|25px|25px|25px|true|true&#8221; text_orientation=&#8221;center&#8221; custom_padding=&#8221;|5%||5%|false|true&#8221; hover_enabled=&#8221;0&#8243; header_font_size_tablet=&#8221;20px&#8221; header_font_size_phone=&#8221;18px&#8221; header_font_size_last_edited=&#8221;on|phone&#8221; border_radii_image=&#8221;on|100px|100px|100px|100px&#8221; global_colors_info=&#8221;{}&#8221; sticky_enabled=&#8221;0&#8243;][\/et_pb_blurb][\/et_pb_column][\/et_pb_row][et_pb_row column_structure=&#8221;1_3,1_3,1_3&#8243; make_equal=&#8221;on&#8221; _builder_version=&#8221;4.22.2&#8243; _module_preset=&#8221;default&#8221; custom_margin_tablet=&#8221;-30px||||false|false&#8221; custom_margin_phone=&#8221;-30px||||false|false&#8221; custom_margin_last_edited=&#8221;on|tablet&#8221; global_colors_info=&#8221;{}&#8221;][et_pb_column type=&#8221;1_3&#8243; _builder_version=&#8221;4.22.2&#8243; _module_preset=&#8221;default&#8221; background_color=&#8221;#005093&#8243; transform_translate_linked__hover=&#8221;off&#8221; custom_padding=&#8221;86px||86px||true|false&#8221; global_colors_info=&#8221;{}&#8221; transform_styles__hover_enabled=&#8221;on|hover&#8221; transform_scale__hover_enabled=&#8221;on|hover&#8221; transform_translate__hover_enabled=&#8221;on|desktop&#8221; transform_rotate__hover_enabled=&#8221;on|desktop&#8221; transform_skew__hover_enabled=&#8221;on|desktop&#8221; transform_origin__hover_enabled=&#8221;on|desktop&#8221; transform_translate__hover=&#8221;0px|-10px&#8221; background__hover_enabled=&#8221;on|hover&#8221;][et_pb_blurb title=&#8221;Imprezy dla pracownik\u00f3w&#8221; use_icon=&#8221;on&#8221; font_icon=&#8221;&#xf500;||fa||900&#8243; icon_color=&#8221;#005093&#8243; image_icon_background_color=&#8221;#FFFFFF&#8221; image_icon_width=&#8221;30px&#8221; _builder_version=&#8221;4.24.0&#8243; _module_preset=&#8221;default&#8221; header_font=&#8221;LexendDeca-Medium||||||||&#8221; header_text_color=&#8221;#FFFFFF&#8221; header_font_size=&#8221;20px&#8221; header_line_height=&#8221;1.3em&#8221; image_icon_custom_padding=&#8221;25px|25px|25px|25px|true|true&#8221; text_orientation=&#8221;center&#8221; custom_padding=&#8221;|5%||5%|false|true&#8221; hover_enabled=&#8221;0&#8243; header_font_size_tablet=&#8221;20px&#8221; header_font_size_phone=&#8221;18px&#8221; header_font_size_last_edited=&#8221;on|phone&#8221; border_radii_image=&#8221;on|100px|100px|100px|100px&#8221; global_colors_info=&#8221;{}&#8221; sticky_enabled=&#8221;0&#8243;][\/et_pb_blurb][\/et_pb_column][et_pb_column type=&#8221;1_3&#8243; _builder_version=&#8221;4.22.2&#8243; _module_preset=&#8221;default&#8221; background_color=&#8221;#ED7E00&#8243; custom_padding=&#8221;86px||86px||true|false&#8221; global_colors_info=&#8221;{}&#8221; transform_styles__hover_enabled=&#8221;on|hover&#8221; background__hover_enabled=&#8221;on|hover&#8221; transform_scale__hover_enabled=&#8221;on|hover&#8221; transform_translate__hover=&#8221;0px|-10px&#8221; transform_translate__hover_enabled=&#8221;on|desktop&#8221; transform_rotate__hover_enabled=&#8221;on|desktop&#8221; transform_skew__hover_enabled=&#8221;on|desktop&#8221; transform_origin__hover_enabled=&#8221;on|desktop&#8221;][et_pb_blurb title=&#8221;Umow\u0119 o prac\u0119 na czas nieokre\u015blony oraz atrakcyjne wynagrodzenie&#8221; use_icon=&#8221;on&#8221; font_icon=&#8221;&#xf4d6;||fa||900&#8243; icon_color=&#8221;#ED7E00&#8243; image_icon_background_color=&#8221;#FFFFFF&#8221; image_icon_width=&#8221;30px&#8221; _builder_version=&#8221;4.24.0&#8243; _module_preset=&#8221;default&#8221; header_font=&#8221;LexendDeca-Medium||||||||&#8221; header_text_color=&#8221;#FFFFFF&#8221; header_font_size=&#8221;20px&#8221; header_line_height=&#8221;1.3em&#8221; image_icon_custom_padding=&#8221;25px|25px|25px|25px|true|true&#8221; text_orientation=&#8221;center&#8221; custom_padding=&#8221;|5%||5%|false|true&#8221; hover_enabled=&#8221;0&#8243; header_font_size_tablet=&#8221;20px&#8221; header_font_size_phone=&#8221;18px&#8221; header_font_size_last_edited=&#8221;on|phone&#8221; border_radii_image=&#8221;on|100px|100px|100px|100px&#8221; global_colors_info=&#8221;{}&#8221; sticky_enabled=&#8221;0&#8243;][\/et_pb_blurb][\/et_pb_column][et_pb_column type=&#8221;1_3&#8243; _builder_version=&#8221;4.22.2&#8243; _module_preset=&#8221;default&#8221; background_color=&#8221;#005093&#8243; custom_padding=&#8221;86px||86px||true|false&#8221; global_colors_info=&#8221;{}&#8221; transform_styles__hover_enabled=&#8221;on|hover&#8221; background__hover_enabled=&#8221;on|hover&#8221; transform_scale__hover_enabled=&#8221;on|hover&#8221; transform_translate__hover=&#8221;0px|-10px&#8221; transform_translate__hover_enabled=&#8221;on|desktop&#8221; transform_rotate__hover_enabled=&#8221;on|desktop&#8221; transform_skew__hover_enabled=&#8221;on|desktop&#8221; transform_origin__hover_enabled=&#8221;on|desktop&#8221;][et_pb_blurb title=&#8221;Regulacja czasu elastycznego dla swobodnego planowania czasu pracy i lepszej r\u00f3wnowagi mi\u0119dzy prac\u0105 a \u017cyciem prywatnym.&#8221; use_icon=&#8221;on&#8221; font_icon=&#8221;&#xf0c0;||fa||900&#8243; icon_color=&#8221;#005093&#8243; image_icon_background_color=&#8221;#FFFFFF&#8221; image_icon_width=&#8221;30px&#8221; _builder_version=&#8221;4.24.0&#8243; _module_preset=&#8221;default&#8221; header_font=&#8221;LexendDeca-Medium||||||||&#8221; header_text_color=&#8221;#FFFFFF&#8221; header_font_size=&#8221;20px&#8221; header_line_height=&#8221;1.3em&#8221; image_icon_custom_padding=&#8221;25px|25px|25px|25px|true|true&#8221; text_orientation=&#8221;center&#8221; custom_padding=&#8221;|5%||5%|false|true&#8221; hover_enabled=&#8221;0&#8243; header_font_size_tablet=&#8221;20px&#8221; header_font_size_phone=&#8221;18px&#8221; header_font_size_last_edited=&#8221;on|phone&#8221; border_radii_image=&#8221;on|100px|100px|100px|100px&#8221; global_colors_info=&#8221;{}&#8221; sticky_enabled=&#8221;0&#8243;][\/et_pb_blurb][\/et_pb_column][\/et_pb_row][\/et_pb_section][et_pb_section fb_built=&#8221;1&#8243; custom_padding_last_edited=&#8221;on|tablet&#8221; _builder_version=&#8221;4.22.2&#8243; _module_preset=&#8221;default&#8221; use_background_color_gradient=&#8221;on&#8221; background_color_gradient_direction=&#8221;155deg&#8221; background_color_gradient_stops=&#8221;rgba(0,0,0,0.56) 0%|rgba(0,0,0,0.71) 100%&#8221; background_color_gradient_overlays_image=&#8221;on&#8221; background_image=&#8221;https:\/\/arcus.world\/wp-content\/uploads\/2024\/01\/standorde_bild.jpg&#8221; background_enable_mask_style=&#8221;on&#8221; background_mask_style=&#8221;blades&#8221; background_mask_color=&#8221;rgba(247,247,247,0.09)&#8221; background_mask_transform=&#8221;flip_horizontal|invert&#8221; background_mask_size=&#8221;contain&#8221; background_mask_position=&#8221;center_right&#8221; custom_padding=&#8221;70px||70px||true|false&#8221; custom_padding_tablet=&#8221;80px||80px||true|false&#8221; custom_padding_phone=&#8221;55px||55px||true|false&#8221; saved_tabs=&#8221;all&#8221; global_colors_info=&#8221;{}&#8221; theme_builder_area=&#8221;post_content&#8221;][et_pb_row column_structure=&#8221;3_4,1_4&#8243; module_class=&#8221;btn-inline&#8221; _builder_version=&#8221;4.22.2&#8243; _module_preset=&#8221;default&#8221; global_colors_info=&#8221;{}&#8221; theme_builder_area=&#8221;post_content&#8221;][et_pb_column type=&#8221;3_4&#8243; _builder_version=&#8221;4.22.2&#8243; _module_preset=&#8221;default&#8221; global_colors_info=&#8221;{}&#8221; theme_builder_area=&#8221;post_content&#8221;][et_pb_text _builder_version=&#8221;4.24.0&#8243; _module_preset=&#8221;default&#8221; header_2_text_color=&#8221;#FFFFFF&#8221; header_2_font_size=&#8221;55px&#8221; custom_margin=&#8221;-20px||||false|false&#8221; header_2_font_size_tablet=&#8221;45px&#8221; header_2_font_size_phone=&#8221;32px&#8221; header_2_font_size_last_edited=&#8221;on|phone&#8221; header_2_line_height_tablet=&#8221;1.2em&#8221; header_2_line_height_phone=&#8221;1.1em&#8221; header_2_line_height_last_edited=&#8221;on|phone&#8221; custom_css_before=&#8221;    content: %22%22;||    display: inline-block;||    width: 100%;||    position: absolute;||    left: 3px;||z-index: -1;||background: linear-gradient(90deg,#ed7e00 0%,transparent 60%);||    bottom: 15px;||    height: 18px;||&#8221; global_colors_info=&#8221;{}&#8221; theme_builder_area=&#8221;post_content&#8221;]<\/p>\n<h2>Pytania? Jeste\u015bmy do Pa\u0144stwa dyspozycji.<\/h2>\n<p>[\/et_pb_text][et_pb_text _builder_version=&#8221;4.24.0&#8243; _module_preset=&#8221;default&#8221; text_text_color=&#8221;#FFFFFF&#8221; custom_margin=&#8221;-26px||||false|false&#8221; global_colors_info=&#8221;{}&#8221; theme_builder_area=&#8221;post_content&#8221;]Je\u015bli maj\u0105 Pa\u0144stwo pytania lub potrzebuj\u0105 dodatkowych informacji, prosimy o kontakt z nami. Nasz Team jest do Pa\u0144stwa dyspozycji, ch\u0119tnie pomo\u017ce i wyja\u015bni wszelkie w\u0105tpliwo\u015bci.[\/et_pb_text][\/et_pb_column][et_pb_column type=&#8221;1_4&#8243; _builder_version=&#8221;4.22.2&#8243; _module_preset=&#8221;default&#8221; global_colors_info=&#8221;{}&#8221; theme_builder_area=&#8221;post_content&#8221;][et_pb_button button_url=&#8221;\/pl\/kontakt\/&#8221; button_text=&#8221;Kontakt&#8221; button_alignment=&#8221;right&#8221; _builder_version=&#8221;4.24.0&#8243; _module_preset=&#8221;default&#8221; custom_button=&#8221;on&#8221; button_text_size=&#8221;18px&#8221; button_text_color=&#8221;#FFFFFF&#8221; button_bg_color=&#8221;#ED7E00&#8243; button_border_width=&#8221;0px&#8221; button_border_radius=&#8221;0px&#8221; button_font=&#8221;||||||||&#8221; button_use_icon=&#8221;off&#8221; custom_padding=&#8221;11px|35px|11px|35px|true|true&#8221; locked=&#8221;off&#8221; global_colors_info=&#8221;{}&#8221; button_bg_color__hover_enabled=&#8221;on|hover&#8221; button_bg_color__hover=&#8221;#005093&#8243; button_bg_enable_color__hover=&#8221;on&#8221; theme_builder_area=&#8221;post_content&#8221;][\/et_pb_button][\/et_pb_column][\/et_pb_row][\/et_pb_section]<\/p>\n","protected":false},"excerpt":{"rendered":"<p>KarieraKariera w ARCUS: Razem kszta\u0142tujemy przysz\u0142o\u015b\u0107Nasz\u0105 dewiz\u0105 jest program: ARCUS, wywodz\u0105cy si\u0119 z \u0142aci\u0144skiego s\u0142owa oznaczaj\u0105cego &#8222;\u0142uk&#8221;, symbolizuje po\u0142\u0105czenie i integracj\u0119 r\u00f3\u017cnych komponent\u00f3w w harmonijn\u0105 ca\u0142o\u015b\u0107. Podobnie jak nerwy w ludzkim ciele, \u0142\u0105cz\u0105ce ze sob\u0105 organy, dla nas niezb\u0119dne s\u0105 kable. Od ponad 70 lat produkujemy wysokiej jako\u015bci produkty, powstaj\u0105ce dzi\u0119ki najnowocze\u015bniejszym maszynom i technologiom. [&hellip;]<\/p>\n","protected":false},"author":4,"featured_media":0,"parent":0,"menu_order":0,"comment_status":"closed","ping_status":"closed","template":"","meta":{"_et_pb_use_builder":"on","_et_pb_old_content":"","_et_gb_content_width":"","footnotes":""},"class_list":["post-72557","page","type-page","status-publish","hentry"],"_links":{"self":[{"href":"https:\/\/arcus.world\/pl\/wp-json\/wp\/v2\/pages\/72557","targetHints":{"allow":["GET"]}}],"collection":[{"href":"https:\/\/arcus.world\/pl\/wp-json\/wp\/v2\/pages"}],"about":[{"href":"https:\/\/arcus.world\/pl\/wp-json\/wp\/v2\/types\/page"}],"author":[{"embeddable":true,"href":"https:\/\/arcus.world\/pl\/wp-json\/wp\/v2\/users\/4"}],"replies":[{"embeddable":true,"href":"https:\/\/arcus.world\/pl\/wp-json\/wp\/v2\/comments?post=72557"}],"version-history":[{"count":3,"href":"https:\/\/arcus.world\/pl\/wp-json\/wp\/v2\/pages\/72557\/revisions"}],"predecessor-version":[{"id":72799,"href":"https:\/\/arcus.world\/pl\/wp-json\/wp\/v2\/pages\/72557\/revisions\/72799"}],"wp:attachment":[{"href":"https:\/\/arcus.world\/pl\/wp-json\/wp\/v2\/media?parent=72557"}],"curies":[{"name":"wp","href":"https:\/\/api.w.org\/{rel}","templated":true}]}}