{"id":72568,"date":"2023-11-16T12:06:40","date_gmt":"2023-11-16T11:06:40","guid":{"rendered":"https:\/\/arcus.world\/aktuelles\/"},"modified":"2024-04-15T09:39:46","modified_gmt":"2024-04-15T07:39:46","slug":"aktuelles","status":"publish","type":"page","link":"https:\/\/arcus.world\/pl\/aktuelles\/","title":{"rendered":"Aktualny"},"content":{"rendered":"<p>[et_pb_section fb_built=&#8221;1&#8243; custom_padding_last_edited=&#8221;on|phone&#8221; _builder_version=&#8221;4.22.2&#8243; _module_preset=&#8221;default&#8221; use_background_color_gradient=&#8221;on&#8221; background_color_gradient_stops=&#8221;rgba(0,0,0,0.56) 0%|rgba(0,0,0,0.71) 100%&#8221; background_color_gradient_overlays_image=&#8221;on&#8221; background_image=&#8221;https:\/\/arcus.world\/wp-content\/uploads\/2024\/01\/blog_subpage.jpg&#8221; background_position=&#8221;top_center&#8221; background_vertical_offset=&#8221;24%&#8221; background_enable_mask_style=&#8221;on&#8221; background_mask_style=&#8221;blades&#8221; background_mask_color=&#8221;rgba(247,247,247,0.09)&#8221; background_mask_transform=&#8221;flip_horizontal|invert&#8221; background_mask_size=&#8221;contain&#8221; background_mask_position=&#8221;center_right&#8221; custom_padding=&#8221;100px||100px||true|false&#8221; custom_padding_tablet=&#8221;100px||100px||true|false&#8221; custom_padding_phone=&#8221;60px||60px||true|false&#8221; locked=&#8221;off&#8221; global_colors_info=&#8221;{}&#8221;][et_pb_row make_equal=&#8221;on&#8221; module_class=&#8221;btn-inline&#8221; _builder_version=&#8221;4.22.2&#8243; _module_preset=&#8221;default&#8221; custom_css_main_element=&#8221;align-items:center;&#8221; global_colors_info=&#8221;{}&#8221;][et_pb_column type=&#8221;4_4&#8243; _builder_version=&#8221;4.22.2&#8243; _module_preset=&#8221;default&#8221; global_colors_info=&#8221;{}&#8221;][et_pb_text _builder_version=&#8221;4.24.0&#8243; _module_preset=&#8221;default&#8221; header_2_text_color=&#8221;#FFFFFF&#8221; header_2_font_size=&#8221;55px&#8221; custom_margin=&#8221;-20px||||false|false&#8221; hover_enabled=&#8221;0&#8243; header_2_font_size_tablet=&#8221;55px&#8221; header_2_font_size_phone=&#8221;32px&#8221; header_2_font_size_last_edited=&#8221;on|phone&#8221; custom_css_before=&#8221;    content: %22%22;||    display: inline-block;||    width: 100%;||    position: absolute;||    left: 3px;||z-index: -1;||background: linear-gradient(90deg,#ed7e00 0%,transparent 60%);||    bottom: 15px;||    height: 18px;||&#8221; global_colors_info=&#8221;{}&#8221; sticky_enabled=&#8221;0&#8243;]<\/p>\n<h2>Aktualny<\/h2>\n<p>[\/et_pb_text][\/et_pb_column][\/et_pb_row][\/et_pb_section][et_pb_section fb_built=&#8221;1&#8243; _builder_version=&#8221;4.22.2&#8243; _module_preset=&#8221;default&#8221; global_colors_info=&#8221;{}&#8221;][et_pb_row _builder_version=&#8221;4.22.2&#8243; _module_preset=&#8221;default&#8221; global_colors_info=&#8221;{}&#8221;][et_pb_column type=&#8221;4_4&#8243; _builder_version=&#8221;4.22.2&#8243; _module_preset=&#8221;default&#8221; global_colors_info=&#8221;{}&#8221;][et_pb_blog fullwidth=&#8221;off&#8221; posts_number=&#8221;30&#8243; excerpt_length=&#8221;0&#8243; show_more=&#8221;on&#8221; show_author=&#8221;off&#8221; show_date=&#8221;off&#8221; show_categories=&#8221;off&#8221; use_overlay=&#8221;on&#8221; overlay_icon_color=&#8221;#FFFFFF&#8221; hover_overlay_color=&#8221;rgba(0,80,147,0.29)&#8221; hover_icon=&#8221;&#xf02e;||fa||400&#8243; _builder_version=&#8221;4.22.2&#8243; _module_preset=&#8221;default&#8221; header_font=&#8221;LexendDeca-Medium||||||||&#8221; header_font_size=&#8221;20px&#8221; header_line_height=&#8221;1.3em&#8221; global_colors_info=&#8221;{}&#8221;][\/et_pb_blog][\/et_pb_column][\/et_pb_row][\/et_pb_section][et_pb_section fb_built=&#8221;1&#8243; custom_padding_last_edited=&#8221;on|tablet&#8221; _builder_version=&#8221;4.22.2&#8243; _module_preset=&#8221;default&#8221; use_background_color_gradient=&#8221;on&#8221; background_color_gradient_direction=&#8221;155deg&#8221; background_color_gradient_stops=&#8221;rgba(0,0,0,0.56) 0%|rgba(0,0,0,0.71) 100%&#8221; background_color_gradient_overlays_image=&#8221;on&#8221; background_image=&#8221;https:\/\/arcus.world\/wp-content\/uploads\/2024\/01\/standorde_bild.jpg&#8221; background_enable_mask_style=&#8221;on&#8221; background_mask_style=&#8221;blades&#8221; background_mask_color=&#8221;rgba(247,247,247,0.09)&#8221; background_mask_transform=&#8221;flip_horizontal|invert&#8221; background_mask_size=&#8221;contain&#8221; background_mask_position=&#8221;center_right&#8221; custom_padding=&#8221;70px||70px||true|false&#8221; custom_padding_tablet=&#8221;80px||80px||true|false&#8221; custom_padding_phone=&#8221;55px||55px||true|false&#8221; saved_tabs=&#8221;all&#8221; global_colors_info=&#8221;{}&#8221; theme_builder_area=&#8221;post_content&#8221;][et_pb_row column_structure=&#8221;3_4,1_4&#8243; module_class=&#8221;btn-inline&#8221; _builder_version=&#8221;4.22.2&#8243; _module_preset=&#8221;default&#8221; global_colors_info=&#8221;{}&#8221; theme_builder_area=&#8221;post_content&#8221;][et_pb_column type=&#8221;3_4&#8243; _builder_version=&#8221;4.22.2&#8243; _module_preset=&#8221;default&#8221; global_colors_info=&#8221;{}&#8221; theme_builder_area=&#8221;post_content&#8221;][et_pb_text _builder_version=&#8221;4.24.0&#8243; _module_preset=&#8221;default&#8221; header_2_text_color=&#8221;#FFFFFF&#8221; header_2_font_size=&#8221;55px&#8221; custom_margin=&#8221;-20px||||false|false&#8221; header_2_font_size_tablet=&#8221;45px&#8221; header_2_font_size_phone=&#8221;32px&#8221; header_2_font_size_last_edited=&#8221;on|phone&#8221; header_2_line_height_tablet=&#8221;1.2em&#8221; header_2_line_height_phone=&#8221;1.1em&#8221; header_2_line_height_last_edited=&#8221;on|phone&#8221; custom_css_before=&#8221;    content: %22%22;||    display: inline-block;||    width: 100%;||    position: absolute;||    left: 3px;||z-index: -1;||background: linear-gradient(90deg,#ed7e00 0%,transparent 60%);||    bottom: 15px;||    height: 18px;||&#8221; global_colors_info=&#8221;{}&#8221; theme_builder_area=&#8221;post_content&#8221;]<\/p>\n<h2>Pytania? Jeste\u015bmy do Pa\u0144stwa dyspozycji.<\/h2>\n<p>[\/et_pb_text][et_pb_text _builder_version=&#8221;4.24.0&#8243; _module_preset=&#8221;default&#8221; text_text_color=&#8221;#FFFFFF&#8221; custom_margin=&#8221;-26px||||false|false&#8221; global_colors_info=&#8221;{}&#8221; theme_builder_area=&#8221;post_content&#8221;]Je\u015bli maj\u0105 Pa\u0144stwo pytania lub potrzebuj\u0105 dodatkowych informacji, prosimy o kontakt z nami. Nasz Team jest do Pa\u0144stwa dyspozycji, ch\u0119tnie pomo\u017ce i wyja\u015bni wszelkie w\u0105tpliwo\u015bci.[\/et_pb_text][\/et_pb_column][et_pb_column type=&#8221;1_4&#8243; _builder_version=&#8221;4.22.2&#8243; _module_preset=&#8221;default&#8221; global_colors_info=&#8221;{}&#8221; theme_builder_area=&#8221;post_content&#8221;][et_pb_button button_url=&#8221;\/pl\/kontakt\/&#8221; button_text=&#8221;Kontakt&#8221; button_alignment=&#8221;right&#8221; _builder_version=&#8221;4.24.0&#8243; _module_preset=&#8221;default&#8221; custom_button=&#8221;on&#8221; button_text_size=&#8221;18px&#8221; button_text_color=&#8221;#FFFFFF&#8221; button_bg_color=&#8221;#ED7E00&#8243; button_border_width=&#8221;0px&#8221; button_border_radius=&#8221;0px&#8221; button_font=&#8221;||||||||&#8221; button_use_icon=&#8221;off&#8221; custom_padding=&#8221;11px|35px|11px|35px|true|true&#8221; hover_enabled=&#8221;0&#8243; locked=&#8221;off&#8221; global_colors_info=&#8221;{}&#8221; button_bg_color__hover_enabled=&#8221;on|hover&#8221; button_bg_color__hover=&#8221;#005093&#8243; button_bg_enable_color__hover=&#8221;on&#8221; theme_builder_area=&#8221;post_content&#8221; sticky_enabled=&#8221;0&#8243;][\/et_pb_button][\/et_pb_column][\/et_pb_row][\/et_pb_section]<\/p>\n","protected":false},"excerpt":{"rendered":"<p>AktualnyPytania? Jeste\u015bmy do Pa\u0144stwa dyspozycji.Je\u015bli maj\u0105 Pa\u0144stwo pytania lub potrzebuj\u0105 dodatkowych informacji, prosimy o kontakt z nami. Nasz Team jest do Pa\u0144stwa dyspozycji, ch\u0119tnie pomo\u017ce i wyja\u015bni wszelkie w\u0105tpliwo\u015bci.<\/p>\n","protected":false},"author":4,"featured_media":0,"parent":0,"menu_order":0,"comment_status":"closed","ping_status":"closed","template":"","meta":{"_et_pb_use_builder":"on","_et_pb_old_content":"","_et_gb_content_width":"","footnotes":""},"class_list":["post-72568","page","type-page","status-publish","hentry"],"_links":{"self":[{"href":"https:\/\/arcus.world\/pl\/wp-json\/wp\/v2\/pages\/72568","targetHints":{"allow":["GET"]}}],"collection":[{"href":"https:\/\/arcus.world\/pl\/wp-json\/wp\/v2\/pages"}],"about":[{"href":"https:\/\/arcus.world\/pl\/wp-json\/wp\/v2\/types\/page"}],"author":[{"embeddable":true,"href":"https:\/\/arcus.world\/pl\/wp-json\/wp\/v2\/users\/4"}],"replies":[{"embeddable":true,"href":"https:\/\/arcus.world\/pl\/wp-json\/wp\/v2\/comments?post=72568"}],"version-history":[{"count":3,"href":"https:\/\/arcus.world\/pl\/wp-json\/wp\/v2\/pages\/72568\/revisions"}],"predecessor-version":[{"id":72803,"href":"https:\/\/arcus.world\/pl\/wp-json\/wp\/v2\/pages\/72568\/revisions\/72803"}],"wp:attachment":[{"href":"https:\/\/arcus.world\/pl\/wp-json\/wp\/v2\/media?parent=72568"}],"curies":[{"name":"wp","href":"https:\/\/api.w.org\/{rel}","templated":true}]}}